{"id":8106,"date":"2020-08-06T17:50:40","date_gmt":"2020-08-27T13:12:47","guid":{"rendered":"https:\/\/temtdev.theventury.com\/product\/supercycle-temt-bodylotion\/"},"modified":"2026-03-03T18:03:21","modified_gmt":"2026-03-03T17:03:21","slug":"supercycle-temt-body-lotion-2","status":"publish","type":"product","link":"https:\/\/drtemt.at\/de\/product\/supercycle-temt-body-lotion-2\/","title":{"rendered":"SuperCycle TEMT Body Lotion"},"content":{"rendered":"<p><span data-sheets-value=\"{\" data-sheets-userformat=\"{\">Die feuchtigkeitsspendende Bodylotion belebt und regeneriert den K\u00f6rper. Sie ist reich an Vitamin E und Jojoba \u00d6l, wird sofort von der Haut aufgenommen und spendet ihr f\u00fcr einen ganzen Tag Feuchtigkeit. <\/span><\/p>\n","protected":false},"excerpt":{"rendered":"<p><span data-sheets-value=\"{&quot;1&quot;:2,&quot;2&quot;:&quot;Die feuchtigkeitsspendende Bodylotion belebt und regeneriert den K\u00f6rper. Sie ist reich an Vitamin E und Jojoba \u00d6l, wird sofort von der Haut aufgenommen und spendet intensive Feuchtigeit den ganzen Tag \u00fcber.&quot;}\" data-sheets-userformat=\"{&quot;2&quot;:10685,&quot;3&quot;:{&quot;1&quot;:0,&quot;3&quot;:1},&quot;5&quot;:{&quot;1&quot;:[{&quot;1&quot;:2,&quot;2&quot;:0,&quot;5&quot;:{&quot;1&quot;:2,&quot;2&quot;:12566463}},{&quot;1&quot;:0,&quot;2&quot;:0,&quot;3&quot;:3},{&quot;1&quot;:1,&quot;2&quot;:0,&quot;4&quot;:1}]},&quot;6&quot;:{&quot;1&quot;:[{&quot;1&quot;:2,&quot;2&quot;:0,&quot;5&quot;:{&quot;1&quot;:2,&quot;2&quot;:12566463}},{&quot;1&quot;:0,&quot;2&quot;:0,&quot;3&quot;:3},{&quot;1&quot;:1,&quot;2&quot;:0,&quot;4&quot;:1}]},&quot;7&quot;:{&quot;1&quot;:[{&quot;1&quot;:2,&quot;2&quot;:0,&quot;5&quot;:{&quot;1&quot;:2,&quot;2&quot;:12566463}},{&quot;1&quot;:0,&quot;2&quot;:0,&quot;3&quot;:3},{&quot;1&quot;:1,&quot;2&quot;:0,&quot;4&quot;:1}]},&quot;8&quot;:{&quot;1&quot;:[{&quot;1&quot;:2,&quot;2&quot;:0,&quot;5&quot;:{&quot;1&quot;:2,&quot;2&quot;:12566463}},{&quot;1&quot;:0,&quot;2&quot;:0,&quot;3&quot;:3},{&quot;1&quot;:1,&quot;2&quot;:0,&quot;4&quot;:1}]},&quot;10&quot;:0,&quot;11&quot;:4,&quot;14&quot;:{&quot;1&quot;:3,&quot;3&quot;:1},&quot;16&quot;:10}\">Die feuchtigkeitsspendende Bodylotion belebt und regeneriert den K\u00f6rper. Sie ist reich an Vitamin E und Jojoba \u00d6l, wird sofort von der Haut aufgenommen und spendet intensive Feuchtigeit den ganzen Tag \u00fcber.<\/span><\/p>\n","protected":false},"featured_media":8319,"comment_status":"open","ping_status":"closed","template":"","meta":{"_acf_changed":false},"product_brand":[],"product_cat":[111],"product_tag":[],"class_list":{"0":"post-8106","1":"product","2":"type-product","3":"status-publish","4":"has-post-thumbnail","6":"product_cat-supercycle-de","8":"first","9":"instock","10":"taxable","11":"shipping-taxable","12":"purchasable","13":"product-type-simple"},"acf":[],"yoast_head":"<!-- This site is optimized with the Yoast SEO plugin v27.1.1 - https:\/\/yoast.com\/product\/yoast-seo-wordpress\/ -->\n<title>SuperCycle TEMT Body Lotion - TEMT<\/title>\n<meta name=\"robots\" content=\"index, follow, max-snippet:-1, max-image-preview:large, max-video-preview:-1\" \/>\n<link rel=\"canonical\" href=\"https:\/\/drtemt.at\/de\/product\/supercycle-temt-body-lotion-2\/\" \/>\n<meta property=\"og:locale\" content=\"de_DE\" \/>\n<meta property=\"og:type\" content=\"article\" \/>\n<meta property=\"og:title\" content=\"SuperCycle TEMT Body Lotion - TEMT\" \/>\n<meta property=\"og:description\" content=\"Die feuchtigkeitsspendende Bodylotion belebt und regeneriert den K\u00f6rper. Sie ist reich an Vitamin E und Jojoba \u00d6l, wird sofort von der Haut aufgenommen und spendet intensive Feuchtigeit den ganzen Tag \u00fcber.\" \/>\n<meta property=\"og:url\" content=\"https:\/\/drtemt.at\/de\/product\/supercycle-temt-body-lotion-2\/\" \/>\n<meta property=\"og:site_name\" content=\"TEMT\" \/>\n<meta property=\"article:modified_time\" content=\"2026-03-03T17:03:21+00:00\" \/>\n<meta property=\"og:image\" content=\"https:\/\/drtemt.at\/wp-content\/uploads\/2020\/09\/002-Body-Lotion_total.jpg\" \/>\n\t<meta property=\"og:image:width\" content=\"1300\" \/>\n\t<meta property=\"og:image:height\" content=\"1300\" \/>\n\t<meta property=\"og:image:type\" content=\"image\/jpeg\" \/>\n<meta name=\"twitter:card\" content=\"summary_large_image\" \/>\n<script type=\"application\/ld+json\" class=\"yoast-schema-graph\">{\"@context\":\"https:\/\/schema.org\",\"@graph\":[{\"@type\":\"WebPage\",\"@id\":\"https:\/\/drtemt.at\/de\/product\/supercycle-temt-body-lotion-2\/\",\"url\":\"https:\/\/drtemt.at\/de\/product\/supercycle-temt-body-lotion-2\/\",\"name\":\"SuperCycle TEMT Body Lotion - TEMT\",\"isPartOf\":{\"@id\":\"https:\/\/drtemt.at\/#website\"},\"primaryImageOfPage\":{\"@id\":\"https:\/\/drtemt.at\/de\/product\/supercycle-temt-body-lotion-2\/#primaryimage\"},\"image\":{\"@id\":\"https:\/\/drtemt.at\/de\/product\/supercycle-temt-body-lotion-2\/#primaryimage\"},\"thumbnailUrl\":\"https:\/\/drtemt.at\/wp-content\/uploads\/2020\/09\/002-Body-Lotion_total.jpg\",\"datePublished\":\"2020-08-27T13:12:47+00:00\",\"dateModified\":\"2026-03-03T17:03:21+00:00\",\"breadcrumb\":{\"@id\":\"https:\/\/drtemt.at\/de\/product\/supercycle-temt-body-lotion-2\/#breadcrumb\"},\"inLanguage\":\"de-AT\",\"potentialAction\":[{\"@type\":\"ReadAction\",\"target\":[\"https:\/\/drtemt.at\/de\/product\/supercycle-temt-body-lotion-2\/\"]}]},{\"@type\":\"ImageObject\",\"inLanguage\":\"de-AT\",\"@id\":\"https:\/\/drtemt.at\/de\/product\/supercycle-temt-body-lotion-2\/#primaryimage\",\"url\":\"https:\/\/drtemt.at\/wp-content\/uploads\/2020\/09\/002-Body-Lotion_total.jpg\",\"contentUrl\":\"https:\/\/drtemt.at\/wp-content\/uploads\/2020\/09\/002-Body-Lotion_total.jpg\",\"width\":1300,\"height\":1300,\"caption\":\"TEMT Supercycle Body Lotion\"},{\"@type\":\"BreadcrumbList\",\"@id\":\"https:\/\/drtemt.at\/de\/product\/supercycle-temt-body-lotion-2\/#breadcrumb\",\"itemListElement\":[{\"@type\":\"ListItem\",\"position\":1,\"name\":\"Startseite\",\"item\":\"https:\/\/drtemt.at\/de\/temt-kosmetikprodukte-handmade-by-science\/\"},{\"@type\":\"ListItem\",\"position\":2,\"name\":\"Shop\",\"item\":\"https:\/\/drtemt.at\/de\/shop\/\"},{\"@type\":\"ListItem\",\"position\":3,\"name\":\"SuperCycle TEMT Body Lotion\"}]},{\"@type\":\"WebSite\",\"@id\":\"https:\/\/drtemt.at\/#website\",\"url\":\"https:\/\/drtemt.at\/\",\"name\":\"TEMT\",\"description\":\"Handmade by Science\",\"publisher\":{\"@id\":\"https:\/\/drtemt.at\/#organization\"},\"potentialAction\":[{\"@type\":\"SearchAction\",\"target\":{\"@type\":\"EntryPoint\",\"urlTemplate\":\"https:\/\/drtemt.at\/?s={search_term_string}\"},\"query-input\":{\"@type\":\"PropertyValueSpecification\",\"valueRequired\":true,\"valueName\":\"search_term_string\"}}],\"inLanguage\":\"de-AT\"},{\"@type\":\"Organization\",\"@id\":\"https:\/\/drtemt.at\/#organization\",\"name\":\"TEMT\",\"url\":\"https:\/\/drtemt.at\/\",\"logo\":{\"@type\":\"ImageObject\",\"inLanguage\":\"de-AT\",\"@id\":\"https:\/\/drtemt.at\/#\/schema\/logo\/image\/\",\"url\":\"https:\/\/drtemt.at\/wp-content\/uploads\/2020\/06\/Temt-Logo-in-Circle.png\",\"contentUrl\":\"https:\/\/drtemt.at\/wp-content\/uploads\/2020\/06\/Temt-Logo-in-Circle.png\",\"width\":350,\"height\":349,\"caption\":\"TEMT\"},\"image\":{\"@id\":\"https:\/\/drtemt.at\/#\/schema\/logo\/image\/\"}}]}<\/script>\n<!-- \/ Yoast SEO plugin. -->","yoast_head_json":{"title":"SuperCycle TEMT Body Lotion - TEMT","robots":{"index":"index","follow":"follow","max-snippet":"max-snippet:-1","max-image-preview":"max-image-preview:large","max-video-preview":"max-video-preview:-1"},"canonical":"https:\/\/drtemt.at\/de\/product\/supercycle-temt-body-lotion-2\/","og_locale":"de_DE","og_type":"article","og_title":"SuperCycle TEMT Body Lotion - TEMT","og_description":"Die feuchtigkeitsspendende Bodylotion belebt und regeneriert den K\u00f6rper. Sie ist reich an Vitamin E und Jojoba \u00d6l, wird sofort von der Haut aufgenommen und spendet intensive Feuchtigeit den ganzen Tag \u00fcber.","og_url":"https:\/\/drtemt.at\/de\/product\/supercycle-temt-body-lotion-2\/","og_site_name":"TEMT","article_modified_time":"2026-03-03T17:03:21+00:00","og_image":[{"width":1300,"height":1300,"url":"https:\/\/drtemt.at\/wp-content\/uploads\/2020\/09\/002-Body-Lotion_total.jpg","type":"image\/jpeg"}],"twitter_card":"summary_large_image","schema":{"@context":"https:\/\/schema.org","@graph":[{"@type":"WebPage","@id":"https:\/\/drtemt.at\/de\/product\/supercycle-temt-body-lotion-2\/","url":"https:\/\/drtemt.at\/de\/product\/supercycle-temt-body-lotion-2\/","name":"SuperCycle TEMT Body Lotion - TEMT","isPartOf":{"@id":"https:\/\/drtemt.at\/#website"},"primaryImageOfPage":{"@id":"https:\/\/drtemt.at\/de\/product\/supercycle-temt-body-lotion-2\/#primaryimage"},"image":{"@id":"https:\/\/drtemt.at\/de\/product\/supercycle-temt-body-lotion-2\/#primaryimage"},"thumbnailUrl":"https:\/\/drtemt.at\/wp-content\/uploads\/2020\/09\/002-Body-Lotion_total.jpg","datePublished":"2020-08-27T13:12:47+00:00","dateModified":"2026-03-03T17:03:21+00:00","breadcrumb":{"@id":"https:\/\/drtemt.at\/de\/product\/supercycle-temt-body-lotion-2\/#breadcrumb"},"inLanguage":"de-AT","potentialAction":[{"@type":"ReadAction","target":["https:\/\/drtemt.at\/de\/product\/supercycle-temt-body-lotion-2\/"]}]},{"@type":"ImageObject","inLanguage":"de-AT","@id":"https:\/\/drtemt.at\/de\/product\/supercycle-temt-body-lotion-2\/#primaryimage","url":"https:\/\/drtemt.at\/wp-content\/uploads\/2020\/09\/002-Body-Lotion_total.jpg","contentUrl":"https:\/\/drtemt.at\/wp-content\/uploads\/2020\/09\/002-Body-Lotion_total.jpg","width":1300,"height":1300,"caption":"TEMT Supercycle Body Lotion"},{"@type":"BreadcrumbList","@id":"https:\/\/drtemt.at\/de\/product\/supercycle-temt-body-lotion-2\/#breadcrumb","itemListElement":[{"@type":"ListItem","position":1,"name":"Startseite","item":"https:\/\/drtemt.at\/de\/temt-kosmetikprodukte-handmade-by-science\/"},{"@type":"ListItem","position":2,"name":"Shop","item":"https:\/\/drtemt.at\/de\/shop\/"},{"@type":"ListItem","position":3,"name":"SuperCycle TEMT Body Lotion"}]},{"@type":"WebSite","@id":"https:\/\/drtemt.at\/#website","url":"https:\/\/drtemt.at\/","name":"TEMT","description":"Handmade by Science","publisher":{"@id":"https:\/\/drtemt.at\/#organization"},"potentialAction":[{"@type":"SearchAction","target":{"@type":"EntryPoint","urlTemplate":"https:\/\/drtemt.at\/?s={search_term_string}"},"query-input":{"@type":"PropertyValueSpecification","valueRequired":true,"valueName":"search_term_string"}}],"inLanguage":"de-AT"},{"@type":"Organization","@id":"https:\/\/drtemt.at\/#organization","name":"TEMT","url":"https:\/\/drtemt.at\/","logo":{"@type":"ImageObject","inLanguage":"de-AT","@id":"https:\/\/drtemt.at\/#\/schema\/logo\/image\/","url":"https:\/\/drtemt.at\/wp-content\/uploads\/2020\/06\/Temt-Logo-in-Circle.png","contentUrl":"https:\/\/drtemt.at\/wp-content\/uploads\/2020\/06\/Temt-Logo-in-Circle.png","width":350,"height":349,"caption":"TEMT"},"image":{"@id":"https:\/\/drtemt.at\/#\/schema\/logo\/image\/"}}]}},"_links":{"self":[{"href":"https:\/\/drtemt.at\/de\/wp-json\/wp\/v2\/product\/8106","targetHints":{"allow":["GET"]}}],"collection":[{"href":"https:\/\/drtemt.at\/de\/wp-json\/wp\/v2\/product"}],"about":[{"href":"https:\/\/drtemt.at\/de\/wp-json\/wp\/v2\/types\/product"}],"replies":[{"embeddable":true,"href":"https:\/\/drtemt.at\/de\/wp-json\/wp\/v2\/comments?post=8106"}],"wp:featuredmedia":[{"embeddable":true,"href":"https:\/\/drtemt.at\/de\/wp-json\/wp\/v2\/media\/8319"}],"wp:attachment":[{"href":"https:\/\/drtemt.at\/de\/wp-json\/wp\/v2\/media?parent=8106"}],"wp:term":[{"taxonomy":"product_brand","embeddable":true,"href":"https:\/\/drtemt.at\/de\/wp-json\/wp\/v2\/product_brand?post=8106"},{"taxonomy":"product_cat","embeddable":true,"href":"https:\/\/drtemt.at\/de\/wp-json\/wp\/v2\/product_cat?post=8106"},{"taxonomy":"product_tag","embeddable":true,"href":"https:\/\/drtemt.at\/de\/wp-json\/wp\/v2\/product_tag?post=8106"}],"curies":[{"name":"wp","href":"https:\/\/api.w.org\/{rel}","templated":true}]}}