{"id":8038,"date":"2020-06-26T16:14:52","date_gmt":"2020-08-21T14:54:48","guid":{"rendered":"https:\/\/temtdev.theventury.com\/product\/me-time-mask-trial-pack\/"},"modified":"2024-05-23T09:41:28","modified_gmt":"2024-05-23T07:41:28","slug":"me-time-mask-trial-pack","status":"publish","type":"product","link":"https:\/\/drtemt.at\/de\/product\/me-time-mask-trial-pack\/","title":{"rendered":"ME TIME Mask Trial Pack"},"content":{"rendered":"<p>Ein dreifacher Genuss f\u00fcr die Haut: Das ME TIME Masken Set enth\u00e4lt die ME TIME Firming Mask mit Vitamin E Booster, die ME TIME Cleansing Mask aus vorgetr\u00e4nkten, dampfbehandelten Aktivkohlevlies und die ME TIME Brightening Mask mit Vitamin C + E, um der Haut pralle Frische und strahlendes Aussehen wiederzugeben.<\/p>\n","protected":false},"excerpt":{"rendered":"<p>Ein dreifacher Genuss f\u00fcr die Haut: Das ME TIME Masken Set enth\u00e4lt die ME TIME Firming Mask mit Vitamin E Booster, die ME TIME Cleansing Mask aus vorgetr\u00e4nkten, dampfbehandelten Aktivkohlevlies und die ME TIME Brightening Mask mit Vitamin C + E, um der Haut pralle Frische und strahlendes Aussehen wiederzugeben.<\/p>\n","protected":false},"featured_media":8008,"comment_status":"open","ping_status":"closed","template":"","meta":{"_acf_changed":false},"product_brand":[],"product_cat":[110,103],"product_tag":[129],"class_list":{"0":"post-8038","1":"product","2":"type-product","3":"status-publish","4":"has-post-thumbnail","6":"product_cat-trial-packs","7":"product_cat-masken","8":"product_tag-set-de","10":"first","11":"outofstock","12":"taxable","13":"shipping-taxable","14":"purchasable","15":"product-type-simple"},"acf":[],"yoast_head":"<!-- This site is optimized with the Yoast SEO plugin v27.1.1 - https:\/\/yoast.com\/product\/yoast-seo-wordpress\/ -->\n<title>ME TIME Mask Trial Pack - TEMT<\/title>\n<meta name=\"robots\" content=\"index, follow, max-snippet:-1, max-image-preview:large, max-video-preview:-1\" \/>\n<link rel=\"canonical\" href=\"https:\/\/drtemt.at\/de\/product\/me-time-mask-trial-pack\/\" \/>\n<meta property=\"og:locale\" content=\"de_DE\" \/>\n<meta property=\"og:type\" content=\"article\" \/>\n<meta property=\"og:title\" content=\"ME TIME Mask Trial Pack - TEMT\" \/>\n<meta property=\"og:description\" content=\"Ein dreifacher Genuss f\u00fcr die Haut: Das ME TIME Masken Set enth\u00e4lt die ME TIME Firming Mask mit Vitamin E Booster, die ME TIME Cleansing Mask aus vorgetr\u00e4nkten, dampfbehandelten Aktivkohlevlies und die ME TIME Brightening Mask mit Vitamin C + E, um der Haut pralle Frische und strahlendes Aussehen wiederzugeben.\" \/>\n<meta property=\"og:url\" content=\"https:\/\/drtemt.at\/de\/product\/me-time-mask-trial-pack\/\" \/>\n<meta property=\"og:site_name\" content=\"TEMT\" \/>\n<meta property=\"article:modified_time\" content=\"2024-05-23T07:41:28+00:00\" \/>\n<meta property=\"og:image\" content=\"https:\/\/drtemt.at\/wp-content\/uploads\/2020\/06\/Main-9.jpg\" \/>\n\t<meta property=\"og:image:width\" content=\"1000\" \/>\n\t<meta property=\"og:image:height\" content=\"1000\" \/>\n\t<meta property=\"og:image:type\" content=\"image\/jpeg\" \/>\n<meta name=\"twitter:card\" content=\"summary_large_image\" \/>\n<script type=\"application\/ld+json\" class=\"yoast-schema-graph\">{\"@context\":\"https:\/\/schema.org\",\"@graph\":[{\"@type\":\"WebPage\",\"@id\":\"https:\/\/drtemt.at\/de\/product\/me-time-mask-trial-pack\/\",\"url\":\"https:\/\/drtemt.at\/de\/product\/me-time-mask-trial-pack\/\",\"name\":\"ME TIME Mask Trial Pack - TEMT\",\"isPartOf\":{\"@id\":\"https:\/\/drtemt.at\/#website\"},\"primaryImageOfPage\":{\"@id\":\"https:\/\/drtemt.at\/de\/product\/me-time-mask-trial-pack\/#primaryimage\"},\"image\":{\"@id\":\"https:\/\/drtemt.at\/de\/product\/me-time-mask-trial-pack\/#primaryimage\"},\"thumbnailUrl\":\"https:\/\/drtemt.at\/wp-content\/uploads\/2020\/06\/Main-9.jpg\",\"datePublished\":\"2020-08-21T14:54:48+00:00\",\"dateModified\":\"2024-05-23T07:41:28+00:00\",\"breadcrumb\":{\"@id\":\"https:\/\/drtemt.at\/de\/product\/me-time-mask-trial-pack\/#breadcrumb\"},\"inLanguage\":\"de-AT\",\"potentialAction\":[{\"@type\":\"ReadAction\",\"target\":[\"https:\/\/drtemt.at\/de\/product\/me-time-mask-trial-pack\/\"]}]},{\"@type\":\"ImageObject\",\"inLanguage\":\"de-AT\",\"@id\":\"https:\/\/drtemt.at\/de\/product\/me-time-mask-trial-pack\/#primaryimage\",\"url\":\"https:\/\/drtemt.at\/wp-content\/uploads\/2020\/06\/Main-9.jpg\",\"contentUrl\":\"https:\/\/drtemt.at\/wp-content\/uploads\/2020\/06\/Main-9.jpg\",\"width\":1000,\"height\":1000,\"caption\":\"Face Sheet Masks - TEMT Me Time\"},{\"@type\":\"BreadcrumbList\",\"@id\":\"https:\/\/drtemt.at\/de\/product\/me-time-mask-trial-pack\/#breadcrumb\",\"itemListElement\":[{\"@type\":\"ListItem\",\"position\":1,\"name\":\"Startseite\",\"item\":\"https:\/\/drtemt.at\/de\/temt-kosmetikprodukte-handmade-by-science\/\"},{\"@type\":\"ListItem\",\"position\":2,\"name\":\"Shop\",\"item\":\"https:\/\/drtemt.at\/de\/shop\/\"},{\"@type\":\"ListItem\",\"position\":3,\"name\":\"ME TIME Mask Trial Pack\"}]},{\"@type\":\"WebSite\",\"@id\":\"https:\/\/drtemt.at\/#website\",\"url\":\"https:\/\/drtemt.at\/\",\"name\":\"TEMT\",\"description\":\"Handmade by Science\",\"publisher\":{\"@id\":\"https:\/\/drtemt.at\/#organization\"},\"potentialAction\":[{\"@type\":\"SearchAction\",\"target\":{\"@type\":\"EntryPoint\",\"urlTemplate\":\"https:\/\/drtemt.at\/?s={search_term_string}\"},\"query-input\":{\"@type\":\"PropertyValueSpecification\",\"valueRequired\":true,\"valueName\":\"search_term_string\"}}],\"inLanguage\":\"de-AT\"},{\"@type\":\"Organization\",\"@id\":\"https:\/\/drtemt.at\/#organization\",\"name\":\"TEMT\",\"url\":\"https:\/\/drtemt.at\/\",\"logo\":{\"@type\":\"ImageObject\",\"inLanguage\":\"de-AT\",\"@id\":\"https:\/\/drtemt.at\/#\/schema\/logo\/image\/\",\"url\":\"https:\/\/drtemt.at\/wp-content\/uploads\/2020\/06\/Temt-Logo-in-Circle.png\",\"contentUrl\":\"https:\/\/drtemt.at\/wp-content\/uploads\/2020\/06\/Temt-Logo-in-Circle.png\",\"width\":350,\"height\":349,\"caption\":\"TEMT\"},\"image\":{\"@id\":\"https:\/\/drtemt.at\/#\/schema\/logo\/image\/\"}}]}<\/script>\n<!-- \/ Yoast SEO plugin. -->","yoast_head_json":{"title":"ME TIME Mask Trial Pack - TEMT","robots":{"index":"index","follow":"follow","max-snippet":"max-snippet:-1","max-image-preview":"max-image-preview:large","max-video-preview":"max-video-preview:-1"},"canonical":"https:\/\/drtemt.at\/de\/product\/me-time-mask-trial-pack\/","og_locale":"de_DE","og_type":"article","og_title":"ME TIME Mask Trial Pack - TEMT","og_description":"Ein dreifacher Genuss f\u00fcr die Haut: Das ME TIME Masken Set enth\u00e4lt die ME TIME Firming Mask mit Vitamin E Booster, die ME TIME Cleansing Mask aus vorgetr\u00e4nkten, dampfbehandelten Aktivkohlevlies und die ME TIME Brightening Mask mit Vitamin C + E, um der Haut pralle Frische und strahlendes Aussehen wiederzugeben.","og_url":"https:\/\/drtemt.at\/de\/product\/me-time-mask-trial-pack\/","og_site_name":"TEMT","article_modified_time":"2024-05-23T07:41:28+00:00","og_image":[{"width":1000,"height":1000,"url":"https:\/\/drtemt.at\/wp-content\/uploads\/2020\/06\/Main-9.jpg","type":"image\/jpeg"}],"twitter_card":"summary_large_image","schema":{"@context":"https:\/\/schema.org","@graph":[{"@type":"WebPage","@id":"https:\/\/drtemt.at\/de\/product\/me-time-mask-trial-pack\/","url":"https:\/\/drtemt.at\/de\/product\/me-time-mask-trial-pack\/","name":"ME TIME Mask Trial Pack - TEMT","isPartOf":{"@id":"https:\/\/drtemt.at\/#website"},"primaryImageOfPage":{"@id":"https:\/\/drtemt.at\/de\/product\/me-time-mask-trial-pack\/#primaryimage"},"image":{"@id":"https:\/\/drtemt.at\/de\/product\/me-time-mask-trial-pack\/#primaryimage"},"thumbnailUrl":"https:\/\/drtemt.at\/wp-content\/uploads\/2020\/06\/Main-9.jpg","datePublished":"2020-08-21T14:54:48+00:00","dateModified":"2024-05-23T07:41:28+00:00","breadcrumb":{"@id":"https:\/\/drtemt.at\/de\/product\/me-time-mask-trial-pack\/#breadcrumb"},"inLanguage":"de-AT","potentialAction":[{"@type":"ReadAction","target":["https:\/\/drtemt.at\/de\/product\/me-time-mask-trial-pack\/"]}]},{"@type":"ImageObject","inLanguage":"de-AT","@id":"https:\/\/drtemt.at\/de\/product\/me-time-mask-trial-pack\/#primaryimage","url":"https:\/\/drtemt.at\/wp-content\/uploads\/2020\/06\/Main-9.jpg","contentUrl":"https:\/\/drtemt.at\/wp-content\/uploads\/2020\/06\/Main-9.jpg","width":1000,"height":1000,"caption":"Face Sheet Masks - TEMT Me Time"},{"@type":"BreadcrumbList","@id":"https:\/\/drtemt.at\/de\/product\/me-time-mask-trial-pack\/#breadcrumb","itemListElement":[{"@type":"ListItem","position":1,"name":"Startseite","item":"https:\/\/drtemt.at\/de\/temt-kosmetikprodukte-handmade-by-science\/"},{"@type":"ListItem","position":2,"name":"Shop","item":"https:\/\/drtemt.at\/de\/shop\/"},{"@type":"ListItem","position":3,"name":"ME TIME Mask Trial Pack"}]},{"@type":"WebSite","@id":"https:\/\/drtemt.at\/#website","url":"https:\/\/drtemt.at\/","name":"TEMT","description":"Handmade by Science","publisher":{"@id":"https:\/\/drtemt.at\/#organization"},"potentialAction":[{"@type":"SearchAction","target":{"@type":"EntryPoint","urlTemplate":"https:\/\/drtemt.at\/?s={search_term_string}"},"query-input":{"@type":"PropertyValueSpecification","valueRequired":true,"valueName":"search_term_string"}}],"inLanguage":"de-AT"},{"@type":"Organization","@id":"https:\/\/drtemt.at\/#organization","name":"TEMT","url":"https:\/\/drtemt.at\/","logo":{"@type":"ImageObject","inLanguage":"de-AT","@id":"https:\/\/drtemt.at\/#\/schema\/logo\/image\/","url":"https:\/\/drtemt.at\/wp-content\/uploads\/2020\/06\/Temt-Logo-in-Circle.png","contentUrl":"https:\/\/drtemt.at\/wp-content\/uploads\/2020\/06\/Temt-Logo-in-Circle.png","width":350,"height":349,"caption":"TEMT"},"image":{"@id":"https:\/\/drtemt.at\/#\/schema\/logo\/image\/"}}]}},"_links":{"self":[{"href":"https:\/\/drtemt.at\/de\/wp-json\/wp\/v2\/product\/8038","targetHints":{"allow":["GET"]}}],"collection":[{"href":"https:\/\/drtemt.at\/de\/wp-json\/wp\/v2\/product"}],"about":[{"href":"https:\/\/drtemt.at\/de\/wp-json\/wp\/v2\/types\/product"}],"replies":[{"embeddable":true,"href":"https:\/\/drtemt.at\/de\/wp-json\/wp\/v2\/comments?post=8038"}],"wp:featuredmedia":[{"embeddable":true,"href":"https:\/\/drtemt.at\/de\/wp-json\/wp\/v2\/media\/8008"}],"wp:attachment":[{"href":"https:\/\/drtemt.at\/de\/wp-json\/wp\/v2\/media?parent=8038"}],"wp:term":[{"taxonomy":"product_brand","embeddable":true,"href":"https:\/\/drtemt.at\/de\/wp-json\/wp\/v2\/product_brand?post=8038"},{"taxonomy":"product_cat","embeddable":true,"href":"https:\/\/drtemt.at\/de\/wp-json\/wp\/v2\/product_cat?post=8038"},{"taxonomy":"product_tag","embeddable":true,"href":"https:\/\/drtemt.at\/de\/wp-json\/wp\/v2\/product_tag?post=8038"}],"curies":[{"name":"wp","href":"https:\/\/api.w.org\/{rel}","templated":true}]}}