{"id":8037,"date":"2020-06-26T14:42:37","date_gmt":"2020-08-21T14:53:41","guid":{"rendered":"https:\/\/temtdev.theventury.com\/product\/me-time-cleansing-sheet-mask\/"},"modified":"2026-05-06T14:40:52","modified_gmt":"2026-05-06T12:40:52","slug":"me-time-cleansing-sheet-mask","status":"publish","type":"product","link":"https:\/\/drtemt.at\/de\/product\/me-time-cleansing-sheet-mask\/","title":{"rendered":"ME TIME Cleansing Sheet Mask"},"content":{"rendered":"<p>Schwarze Aktivkohle-Vliesmaske aus dampfbehandelten Bambusfasern, getr\u00e4nkt in Vitamin A und H. Die Wirkstoffe l\u00f6sen Unreinheiten, reinigen die Poren und verfeinern und gl\u00e4tten die Hautoberfl\u00e4che.<\/p>\n","protected":false},"excerpt":{"rendered":"<p>Schwarze Aktivkohle-Vliesmaske aus dampfbehandelten Bambusfasern, getr\u00e4nkt in Vitamin A und H. Die Wirkstoffe l\u00f6sen Unreinheiten, reinigen die Poren und verfeinern und gl\u00e4tten die Hautoberfl\u00e4che.<\/p>\n","protected":false},"featured_media":8019,"comment_status":"open","ping_status":"closed","template":"","meta":{"_acf_changed":false},"product_brand":[],"product_cat":[103],"product_tag":[138],"class_list":{"0":"post-8037","1":"product","2":"type-product","3":"status-publish","4":"has-post-thumbnail","6":"product_cat-masken","7":"product_tag-temt-de-2","9":"first","10":"instock","11":"taxable","12":"shipping-taxable","13":"purchasable","14":"product-type-simple"},"acf":[],"yoast_head":"<!-- This site is optimized with the Yoast SEO plugin v27.1.1 - https:\/\/yoast.com\/product\/yoast-seo-wordpress\/ -->\n<title>ME TIME Cleansing Sheet Mask - TEMT<\/title>\n<meta name=\"robots\" content=\"index, follow, max-snippet:-1, max-image-preview:large, max-video-preview:-1\" \/>\n<link rel=\"canonical\" href=\"https:\/\/drtemt.at\/de\/product\/me-time-cleansing-sheet-mask\/\" \/>\n<meta property=\"og:locale\" content=\"de_DE\" \/>\n<meta property=\"og:type\" content=\"article\" \/>\n<meta property=\"og:title\" content=\"ME TIME Cleansing Sheet Mask - TEMT\" \/>\n<meta property=\"og:description\" content=\"Schwarze Aktivkohle-Vliesmaske aus dampfbehandelten Bambusfasern, getr\u00e4nkt in Vitamin A und H. Die Wirkstoffe l\u00f6sen Unreinheiten, reinigen die Poren und verfeinern und gl\u00e4tten die Hautoberfl\u00e4che.\" \/>\n<meta property=\"og:url\" content=\"https:\/\/drtemt.at\/de\/product\/me-time-cleansing-sheet-mask\/\" \/>\n<meta property=\"og:site_name\" content=\"TEMT\" \/>\n<meta property=\"article:modified_time\" content=\"2026-05-06T12:40:52+00:00\" \/>\n<meta property=\"og:image\" content=\"https:\/\/drtemt.at\/wp-content\/uploads\/2020\/06\/Main-14.jpg\" \/>\n\t<meta property=\"og:image:width\" content=\"1000\" \/>\n\t<meta property=\"og:image:height\" content=\"1000\" \/>\n\t<meta property=\"og:image:type\" content=\"image\/jpeg\" \/>\n<meta name=\"twitter:card\" content=\"summary_large_image\" \/>\n<script type=\"application\/ld+json\" class=\"yoast-schema-graph\">{\"@context\":\"https:\/\/schema.org\",\"@graph\":[{\"@type\":\"WebPage\",\"@id\":\"https:\/\/drtemt.at\/de\/product\/me-time-cleansing-sheet-mask\/\",\"url\":\"https:\/\/drtemt.at\/de\/product\/me-time-cleansing-sheet-mask\/\",\"name\":\"ME TIME Cleansing Sheet Mask - TEMT\",\"isPartOf\":{\"@id\":\"https:\/\/drtemt.at\/#website\"},\"primaryImageOfPage\":{\"@id\":\"https:\/\/drtemt.at\/de\/product\/me-time-cleansing-sheet-mask\/#primaryimage\"},\"image\":{\"@id\":\"https:\/\/drtemt.at\/de\/product\/me-time-cleansing-sheet-mask\/#primaryimage\"},\"thumbnailUrl\":\"https:\/\/drtemt.at\/wp-content\/uploads\/2020\/06\/Main-14.jpg\",\"datePublished\":\"2020-08-21T14:53:41+00:00\",\"dateModified\":\"2026-05-06T12:40:52+00:00\",\"breadcrumb\":{\"@id\":\"https:\/\/drtemt.at\/de\/product\/me-time-cleansing-sheet-mask\/#breadcrumb\"},\"inLanguage\":\"de-AT\",\"potentialAction\":[{\"@type\":\"ReadAction\",\"target\":[\"https:\/\/drtemt.at\/de\/product\/me-time-cleansing-sheet-mask\/\"]}]},{\"@type\":\"ImageObject\",\"inLanguage\":\"de-AT\",\"@id\":\"https:\/\/drtemt.at\/de\/product\/me-time-cleansing-sheet-mask\/#primaryimage\",\"url\":\"https:\/\/drtemt.at\/wp-content\/uploads\/2020\/06\/Main-14.jpg\",\"contentUrl\":\"https:\/\/drtemt.at\/wp-content\/uploads\/2020\/06\/Main-14.jpg\",\"width\":1000,\"height\":1000,\"caption\":\"TEMT Cleansing Sheet Mask\"},{\"@type\":\"BreadcrumbList\",\"@id\":\"https:\/\/drtemt.at\/de\/product\/me-time-cleansing-sheet-mask\/#breadcrumb\",\"itemListElement\":[{\"@type\":\"ListItem\",\"position\":1,\"name\":\"Startseite\",\"item\":\"https:\/\/drtemt.at\/de\/temt-kosmetikprodukte-handmade-by-science\/\"},{\"@type\":\"ListItem\",\"position\":2,\"name\":\"Shop\",\"item\":\"https:\/\/drtemt.at\/de\/shop\/\"},{\"@type\":\"ListItem\",\"position\":3,\"name\":\"ME TIME Cleansing Sheet Mask\"}]},{\"@type\":\"WebSite\",\"@id\":\"https:\/\/drtemt.at\/#website\",\"url\":\"https:\/\/drtemt.at\/\",\"name\":\"TEMT\",\"description\":\"Handmade by Science\",\"publisher\":{\"@id\":\"https:\/\/drtemt.at\/#organization\"},\"potentialAction\":[{\"@type\":\"SearchAction\",\"target\":{\"@type\":\"EntryPoint\",\"urlTemplate\":\"https:\/\/drtemt.at\/?s={search_term_string}\"},\"query-input\":{\"@type\":\"PropertyValueSpecification\",\"valueRequired\":true,\"valueName\":\"search_term_string\"}}],\"inLanguage\":\"de-AT\"},{\"@type\":\"Organization\",\"@id\":\"https:\/\/drtemt.at\/#organization\",\"name\":\"TEMT\",\"url\":\"https:\/\/drtemt.at\/\",\"logo\":{\"@type\":\"ImageObject\",\"inLanguage\":\"de-AT\",\"@id\":\"https:\/\/drtemt.at\/#\/schema\/logo\/image\/\",\"url\":\"https:\/\/drtemt.at\/wp-content\/uploads\/2020\/06\/Temt-Logo-in-Circle.png\",\"contentUrl\":\"https:\/\/drtemt.at\/wp-content\/uploads\/2020\/06\/Temt-Logo-in-Circle.png\",\"width\":350,\"height\":349,\"caption\":\"TEMT\"},\"image\":{\"@id\":\"https:\/\/drtemt.at\/#\/schema\/logo\/image\/\"}}]}<\/script>\n<!-- \/ Yoast SEO plugin. -->","yoast_head_json":{"title":"ME TIME Cleansing Sheet Mask - TEMT","robots":{"index":"index","follow":"follow","max-snippet":"max-snippet:-1","max-image-preview":"max-image-preview:large","max-video-preview":"max-video-preview:-1"},"canonical":"https:\/\/drtemt.at\/de\/product\/me-time-cleansing-sheet-mask\/","og_locale":"de_DE","og_type":"article","og_title":"ME TIME Cleansing Sheet Mask - TEMT","og_description":"Schwarze Aktivkohle-Vliesmaske aus dampfbehandelten Bambusfasern, getr\u00e4nkt in Vitamin A und H. Die Wirkstoffe l\u00f6sen Unreinheiten, reinigen die Poren und verfeinern und gl\u00e4tten die Hautoberfl\u00e4che.","og_url":"https:\/\/drtemt.at\/de\/product\/me-time-cleansing-sheet-mask\/","og_site_name":"TEMT","article_modified_time":"2026-05-06T12:40:52+00:00","og_image":[{"width":1000,"height":1000,"url":"https:\/\/drtemt.at\/wp-content\/uploads\/2020\/06\/Main-14.jpg","type":"image\/jpeg"}],"twitter_card":"summary_large_image","schema":{"@context":"https:\/\/schema.org","@graph":[{"@type":"WebPage","@id":"https:\/\/drtemt.at\/de\/product\/me-time-cleansing-sheet-mask\/","url":"https:\/\/drtemt.at\/de\/product\/me-time-cleansing-sheet-mask\/","name":"ME TIME Cleansing Sheet Mask - TEMT","isPartOf":{"@id":"https:\/\/drtemt.at\/#website"},"primaryImageOfPage":{"@id":"https:\/\/drtemt.at\/de\/product\/me-time-cleansing-sheet-mask\/#primaryimage"},"image":{"@id":"https:\/\/drtemt.at\/de\/product\/me-time-cleansing-sheet-mask\/#primaryimage"},"thumbnailUrl":"https:\/\/drtemt.at\/wp-content\/uploads\/2020\/06\/Main-14.jpg","datePublished":"2020-08-21T14:53:41+00:00","dateModified":"2026-05-06T12:40:52+00:00","breadcrumb":{"@id":"https:\/\/drtemt.at\/de\/product\/me-time-cleansing-sheet-mask\/#breadcrumb"},"inLanguage":"de-AT","potentialAction":[{"@type":"ReadAction","target":["https:\/\/drtemt.at\/de\/product\/me-time-cleansing-sheet-mask\/"]}]},{"@type":"ImageObject","inLanguage":"de-AT","@id":"https:\/\/drtemt.at\/de\/product\/me-time-cleansing-sheet-mask\/#primaryimage","url":"https:\/\/drtemt.at\/wp-content\/uploads\/2020\/06\/Main-14.jpg","contentUrl":"https:\/\/drtemt.at\/wp-content\/uploads\/2020\/06\/Main-14.jpg","width":1000,"height":1000,"caption":"TEMT Cleansing Sheet Mask"},{"@type":"BreadcrumbList","@id":"https:\/\/drtemt.at\/de\/product\/me-time-cleansing-sheet-mask\/#breadcrumb","itemListElement":[{"@type":"ListItem","position":1,"name":"Startseite","item":"https:\/\/drtemt.at\/de\/temt-kosmetikprodukte-handmade-by-science\/"},{"@type":"ListItem","position":2,"name":"Shop","item":"https:\/\/drtemt.at\/de\/shop\/"},{"@type":"ListItem","position":3,"name":"ME TIME Cleansing Sheet Mask"}]},{"@type":"WebSite","@id":"https:\/\/drtemt.at\/#website","url":"https:\/\/drtemt.at\/","name":"TEMT","description":"Handmade by Science","publisher":{"@id":"https:\/\/drtemt.at\/#organization"},"potentialAction":[{"@type":"SearchAction","target":{"@type":"EntryPoint","urlTemplate":"https:\/\/drtemt.at\/?s={search_term_string}"},"query-input":{"@type":"PropertyValueSpecification","valueRequired":true,"valueName":"search_term_string"}}],"inLanguage":"de-AT"},{"@type":"Organization","@id":"https:\/\/drtemt.at\/#organization","name":"TEMT","url":"https:\/\/drtemt.at\/","logo":{"@type":"ImageObject","inLanguage":"de-AT","@id":"https:\/\/drtemt.at\/#\/schema\/logo\/image\/","url":"https:\/\/drtemt.at\/wp-content\/uploads\/2020\/06\/Temt-Logo-in-Circle.png","contentUrl":"https:\/\/drtemt.at\/wp-content\/uploads\/2020\/06\/Temt-Logo-in-Circle.png","width":350,"height":349,"caption":"TEMT"},"image":{"@id":"https:\/\/drtemt.at\/#\/schema\/logo\/image\/"}}]}},"_links":{"self":[{"href":"https:\/\/drtemt.at\/de\/wp-json\/wp\/v2\/product\/8037","targetHints":{"allow":["GET"]}}],"collection":[{"href":"https:\/\/drtemt.at\/de\/wp-json\/wp\/v2\/product"}],"about":[{"href":"https:\/\/drtemt.at\/de\/wp-json\/wp\/v2\/types\/product"}],"replies":[{"embeddable":true,"href":"https:\/\/drtemt.at\/de\/wp-json\/wp\/v2\/comments?post=8037"}],"wp:featuredmedia":[{"embeddable":true,"href":"https:\/\/drtemt.at\/de\/wp-json\/wp\/v2\/media\/8019"}],"wp:attachment":[{"href":"https:\/\/drtemt.at\/de\/wp-json\/wp\/v2\/media?parent=8037"}],"wp:term":[{"taxonomy":"product_brand","embeddable":true,"href":"https:\/\/drtemt.at\/de\/wp-json\/wp\/v2\/product_brand?post=8037"},{"taxonomy":"product_cat","embeddable":true,"href":"https:\/\/drtemt.at\/de\/wp-json\/wp\/v2\/product_cat?post=8037"},{"taxonomy":"product_tag","embeddable":true,"href":"https:\/\/drtemt.at\/de\/wp-json\/wp\/v2\/product_tag?post=8037"}],"curies":[{"name":"wp","href":"https:\/\/api.w.org\/{rel}","templated":true}]}}