{"id":7802,"date":"2020-06-15T18:43:04","date_gmt":"2020-08-21T13:03:52","guid":{"rendered":"https:\/\/temtdev.theventury.com\/product\/c-the-difference\/"},"modified":"2026-03-03T17:38:42","modified_gmt":"2026-03-03T16:38:42","slug":"hyaluronic-triple-serum","status":"publish","type":"product","link":"https:\/\/drtemt.at\/de\/product\/hyaluronic-triple-serum\/","title":{"rendered":"Hyaluronic Triple Serum"},"content":{"rendered":"<p>Das leichte, feuchtigkeitsspendende Serum ist einfach anzuwenden und wird von der Haut sofort r\u00fcckstandsfrei aufgenommen. Drei verschiedenen Hyalurons\u00e4uren, sowie Vitamin C, E &amp; B\u0c69 f\u00f6rdern die nat\u00fcrliche Elastizit\u00e4t der Haut. Entwickelt f\u00fcr trockene Haut, die sich nach einem Feuchtigkeitskick sehnt.<\/p>\n","protected":false},"excerpt":{"rendered":"<p>Das leichte, feuchtigkeitsspendende Serum ist einfach anzuwenden und wird von der Haut sofort r\u00fcckstandsfrei aufgenommen. Vitamin C, E &amp; B\u0c69 sowie drei verschiedenen Hyalurons\u00e4uren f\u00f6rdern die nat\u00fcrliche Elastizit\u00e4t der Haut. Entwickelt f\u00fcr trockene Haut, die sich nach einem Feuchtigkeitskick sehnt.<\/p>\n","protected":false},"featured_media":34811,"comment_status":"open","ping_status":"closed","template":"","meta":{"_acf_changed":false},"product_brand":[],"product_cat":[101],"product_tag":[104,138,159],"class_list":{"0":"post-7802","1":"product","2":"type-product","3":"status-publish","4":"has-post-thumbnail","6":"product_cat-gesicht","7":"product_tag-bestseller-de","8":"product_tag-temt-de-2","9":"product_tag-test-de-2","11":"first","12":"instock","13":"taxable","14":"shipping-taxable","15":"purchasable","16":"product-type-simple"},"acf":[],"yoast_head":"<!-- This site is optimized with the Yoast SEO plugin v27.1.1 - https:\/\/yoast.com\/product\/yoast-seo-wordpress\/ -->\n<title>Hyaluronic Triple Serum - TEMT<\/title>\n<meta name=\"robots\" content=\"index, follow, max-snippet:-1, max-image-preview:large, max-video-preview:-1\" \/>\n<link rel=\"canonical\" href=\"https:\/\/drtemt.at\/de\/product\/hyaluronic-triple-serum\/\" \/>\n<meta property=\"og:locale\" content=\"de_DE\" \/>\n<meta property=\"og:type\" content=\"article\" \/>\n<meta property=\"og:title\" content=\"Hyaluronic Triple Serum - TEMT\" \/>\n<meta property=\"og:description\" content=\"Das leichte, feuchtigkeitsspendende Serum ist einfach anzuwenden und wird von der Haut sofort r\u00fcckstandsfrei aufgenommen. Vitamin C, E &amp; B\u0c69 sowie drei verschiedenen Hyalurons\u00e4uren f\u00f6rdern die nat\u00fcrliche Elastizit\u00e4t der Haut. Entwickelt f\u00fcr trockene Haut, die sich nach einem Feuchtigkeitskick sehnt.\" \/>\n<meta property=\"og:url\" content=\"https:\/\/drtemt.at\/de\/product\/hyaluronic-triple-serum\/\" \/>\n<meta property=\"og:site_name\" content=\"TEMT\" \/>\n<meta property=\"article:modified_time\" content=\"2026-03-03T16:38:42+00:00\" \/>\n<meta property=\"og:image\" content=\"https:\/\/drtemt.at\/wp-content\/uploads\/2020\/06\/Hyaluronic-Triple-Serum_Packaging_1000x1000px.png\" \/>\n\t<meta property=\"og:image:width\" content=\"1000\" \/>\n\t<meta property=\"og:image:height\" content=\"1000\" \/>\n\t<meta property=\"og:image:type\" content=\"image\/png\" \/>\n<meta name=\"twitter:card\" content=\"summary_large_image\" \/>\n<script type=\"application\/ld+json\" class=\"yoast-schema-graph\">{\"@context\":\"https:\/\/schema.org\",\"@graph\":[{\"@type\":\"WebPage\",\"@id\":\"https:\/\/drtemt.at\/de\/product\/hyaluronic-triple-serum\/\",\"url\":\"https:\/\/drtemt.at\/de\/product\/hyaluronic-triple-serum\/\",\"name\":\"Hyaluronic Triple Serum - TEMT\",\"isPartOf\":{\"@id\":\"https:\/\/drtemt.at\/#website\"},\"primaryImageOfPage\":{\"@id\":\"https:\/\/drtemt.at\/de\/product\/hyaluronic-triple-serum\/#primaryimage\"},\"image\":{\"@id\":\"https:\/\/drtemt.at\/de\/product\/hyaluronic-triple-serum\/#primaryimage\"},\"thumbnailUrl\":\"https:\/\/drtemt.at\/wp-content\/uploads\/2020\/06\/Hyaluronic-Triple-Serum_Packaging_1000x1000px.png\",\"datePublished\":\"2020-08-21T13:03:52+00:00\",\"dateModified\":\"2026-03-03T16:38:42+00:00\",\"breadcrumb\":{\"@id\":\"https:\/\/drtemt.at\/de\/product\/hyaluronic-triple-serum\/#breadcrumb\"},\"inLanguage\":\"de-AT\",\"potentialAction\":[{\"@type\":\"ReadAction\",\"target\":[\"https:\/\/drtemt.at\/de\/product\/hyaluronic-triple-serum\/\"]}]},{\"@type\":\"ImageObject\",\"inLanguage\":\"de-AT\",\"@id\":\"https:\/\/drtemt.at\/de\/product\/hyaluronic-triple-serum\/#primaryimage\",\"url\":\"https:\/\/drtemt.at\/wp-content\/uploads\/2020\/06\/Hyaluronic-Triple-Serum_Packaging_1000x1000px.png\",\"contentUrl\":\"https:\/\/drtemt.at\/wp-content\/uploads\/2020\/06\/Hyaluronic-Triple-Serum_Packaging_1000x1000px.png\",\"width\":1000,\"height\":1000},{\"@type\":\"BreadcrumbList\",\"@id\":\"https:\/\/drtemt.at\/de\/product\/hyaluronic-triple-serum\/#breadcrumb\",\"itemListElement\":[{\"@type\":\"ListItem\",\"position\":1,\"name\":\"Startseite\",\"item\":\"https:\/\/drtemt.at\/de\/temt-kosmetikprodukte-handmade-by-science\/\"},{\"@type\":\"ListItem\",\"position\":2,\"name\":\"Shop\",\"item\":\"https:\/\/drtemt.at\/de\/shop\/\"},{\"@type\":\"ListItem\",\"position\":3,\"name\":\"Hyaluronic Triple Serum\"}]},{\"@type\":\"WebSite\",\"@id\":\"https:\/\/drtemt.at\/#website\",\"url\":\"https:\/\/drtemt.at\/\",\"name\":\"TEMT\",\"description\":\"Handmade by Science\",\"publisher\":{\"@id\":\"https:\/\/drtemt.at\/#organization\"},\"potentialAction\":[{\"@type\":\"SearchAction\",\"target\":{\"@type\":\"EntryPoint\",\"urlTemplate\":\"https:\/\/drtemt.at\/?s={search_term_string}\"},\"query-input\":{\"@type\":\"PropertyValueSpecification\",\"valueRequired\":true,\"valueName\":\"search_term_string\"}}],\"inLanguage\":\"de-AT\"},{\"@type\":\"Organization\",\"@id\":\"https:\/\/drtemt.at\/#organization\",\"name\":\"TEMT\",\"url\":\"https:\/\/drtemt.at\/\",\"logo\":{\"@type\":\"ImageObject\",\"inLanguage\":\"de-AT\",\"@id\":\"https:\/\/drtemt.at\/#\/schema\/logo\/image\/\",\"url\":\"https:\/\/drtemt.at\/wp-content\/uploads\/2020\/06\/Temt-Logo-in-Circle.png\",\"contentUrl\":\"https:\/\/drtemt.at\/wp-content\/uploads\/2020\/06\/Temt-Logo-in-Circle.png\",\"width\":350,\"height\":349,\"caption\":\"TEMT\"},\"image\":{\"@id\":\"https:\/\/drtemt.at\/#\/schema\/logo\/image\/\"}}]}<\/script>\n<!-- \/ Yoast SEO plugin. -->","yoast_head_json":{"title":"Hyaluronic Triple Serum - TEMT","robots":{"index":"index","follow":"follow","max-snippet":"max-snippet:-1","max-image-preview":"max-image-preview:large","max-video-preview":"max-video-preview:-1"},"canonical":"https:\/\/drtemt.at\/de\/product\/hyaluronic-triple-serum\/","og_locale":"de_DE","og_type":"article","og_title":"Hyaluronic Triple Serum - TEMT","og_description":"Das leichte, feuchtigkeitsspendende Serum ist einfach anzuwenden und wird von der Haut sofort r\u00fcckstandsfrei aufgenommen. Vitamin C, E &amp; B\u0c69 sowie drei verschiedenen Hyalurons\u00e4uren f\u00f6rdern die nat\u00fcrliche Elastizit\u00e4t der Haut. Entwickelt f\u00fcr trockene Haut, die sich nach einem Feuchtigkeitskick sehnt.","og_url":"https:\/\/drtemt.at\/de\/product\/hyaluronic-triple-serum\/","og_site_name":"TEMT","article_modified_time":"2026-03-03T16:38:42+00:00","og_image":[{"width":1000,"height":1000,"url":"https:\/\/drtemt.at\/wp-content\/uploads\/2020\/06\/Hyaluronic-Triple-Serum_Packaging_1000x1000px.png","type":"image\/png"}],"twitter_card":"summary_large_image","schema":{"@context":"https:\/\/schema.org","@graph":[{"@type":"WebPage","@id":"https:\/\/drtemt.at\/de\/product\/hyaluronic-triple-serum\/","url":"https:\/\/drtemt.at\/de\/product\/hyaluronic-triple-serum\/","name":"Hyaluronic Triple Serum - TEMT","isPartOf":{"@id":"https:\/\/drtemt.at\/#website"},"primaryImageOfPage":{"@id":"https:\/\/drtemt.at\/de\/product\/hyaluronic-triple-serum\/#primaryimage"},"image":{"@id":"https:\/\/drtemt.at\/de\/product\/hyaluronic-triple-serum\/#primaryimage"},"thumbnailUrl":"https:\/\/drtemt.at\/wp-content\/uploads\/2020\/06\/Hyaluronic-Triple-Serum_Packaging_1000x1000px.png","datePublished":"2020-08-21T13:03:52+00:00","dateModified":"2026-03-03T16:38:42+00:00","breadcrumb":{"@id":"https:\/\/drtemt.at\/de\/product\/hyaluronic-triple-serum\/#breadcrumb"},"inLanguage":"de-AT","potentialAction":[{"@type":"ReadAction","target":["https:\/\/drtemt.at\/de\/product\/hyaluronic-triple-serum\/"]}]},{"@type":"ImageObject","inLanguage":"de-AT","@id":"https:\/\/drtemt.at\/de\/product\/hyaluronic-triple-serum\/#primaryimage","url":"https:\/\/drtemt.at\/wp-content\/uploads\/2020\/06\/Hyaluronic-Triple-Serum_Packaging_1000x1000px.png","contentUrl":"https:\/\/drtemt.at\/wp-content\/uploads\/2020\/06\/Hyaluronic-Triple-Serum_Packaging_1000x1000px.png","width":1000,"height":1000},{"@type":"BreadcrumbList","@id":"https:\/\/drtemt.at\/de\/product\/hyaluronic-triple-serum\/#breadcrumb","itemListElement":[{"@type":"ListItem","position":1,"name":"Startseite","item":"https:\/\/drtemt.at\/de\/temt-kosmetikprodukte-handmade-by-science\/"},{"@type":"ListItem","position":2,"name":"Shop","item":"https:\/\/drtemt.at\/de\/shop\/"},{"@type":"ListItem","position":3,"name":"Hyaluronic Triple Serum"}]},{"@type":"WebSite","@id":"https:\/\/drtemt.at\/#website","url":"https:\/\/drtemt.at\/","name":"TEMT","description":"Handmade by Science","publisher":{"@id":"https:\/\/drtemt.at\/#organization"},"potentialAction":[{"@type":"SearchAction","target":{"@type":"EntryPoint","urlTemplate":"https:\/\/drtemt.at\/?s={search_term_string}"},"query-input":{"@type":"PropertyValueSpecification","valueRequired":true,"valueName":"search_term_string"}}],"inLanguage":"de-AT"},{"@type":"Organization","@id":"https:\/\/drtemt.at\/#organization","name":"TEMT","url":"https:\/\/drtemt.at\/","logo":{"@type":"ImageObject","inLanguage":"de-AT","@id":"https:\/\/drtemt.at\/#\/schema\/logo\/image\/","url":"https:\/\/drtemt.at\/wp-content\/uploads\/2020\/06\/Temt-Logo-in-Circle.png","contentUrl":"https:\/\/drtemt.at\/wp-content\/uploads\/2020\/06\/Temt-Logo-in-Circle.png","width":350,"height":349,"caption":"TEMT"},"image":{"@id":"https:\/\/drtemt.at\/#\/schema\/logo\/image\/"}}]}},"_links":{"self":[{"href":"https:\/\/drtemt.at\/de\/wp-json\/wp\/v2\/product\/7802","targetHints":{"allow":["GET"]}}],"collection":[{"href":"https:\/\/drtemt.at\/de\/wp-json\/wp\/v2\/product"}],"about":[{"href":"https:\/\/drtemt.at\/de\/wp-json\/wp\/v2\/types\/product"}],"replies":[{"embeddable":true,"href":"https:\/\/drtemt.at\/de\/wp-json\/wp\/v2\/comments?post=7802"}],"wp:featuredmedia":[{"embeddable":true,"href":"https:\/\/drtemt.at\/de\/wp-json\/wp\/v2\/media\/34811"}],"wp:attachment":[{"href":"https:\/\/drtemt.at\/de\/wp-json\/wp\/v2\/media?parent=7802"}],"wp:term":[{"taxonomy":"product_brand","embeddable":true,"href":"https:\/\/drtemt.at\/de\/wp-json\/wp\/v2\/product_brand?post=7802"},{"taxonomy":"product_cat","embeddable":true,"href":"https:\/\/drtemt.at\/de\/wp-json\/wp\/v2\/product_cat?post=7802"},{"taxonomy":"product_tag","embeddable":true,"href":"https:\/\/drtemt.at\/de\/wp-json\/wp\/v2\/product_tag?post=7802"}],"curies":[{"name":"wp","href":"https:\/\/api.w.org\/{rel}","templated":true}]}}