{"id":5026,"date":"2018-08-13T08:04:44","date_gmt":"2018-08-13T06:04:44","guid":{"rendered":"http:\/\/acutweb.com\/goodwill\/?post_type=product&#038;p=547"},"modified":"2021-06-11T16:36:41","modified_gmt":"2021-06-11T14:36:41","slug":"contour-lift-mask","status":"publish","type":"product","link":"https:\/\/drtemt.at\/de\/product\/contour-lift-mask\/","title":{"rendered":"Collagen Management &#8211; Contour Lift Maske 100ml"},"content":{"rendered":"<ul>\n<li>Hilft bei der Bildung von Kollagen<\/li>\n<li>Hemmt die Kollagenase<\/li>\n<li>Wirkt reinigend und gl\u00e4ttend<\/li>\n<li>Reduziert Volumenverlust<\/li>\n<li>Hilft die Gesichts-Konturen sichtbar zu definieren<\/li>\n<\/ul>\n<p>Eine universelle Tagespflege die hilft die Hautdichte und Elastizit\u00e4t der Haut zu verbessern und gleichzeitig Falten und Linien zu reduzieren. Dreifach-Regeneration durch 2 hautverj\u00fcngende und kollagenregenerierende Peptide bietet optimale Unterst\u00fctzung f\u00fcr die Hautregeneration und Aufpolsterung. Die Haut wirkt prall, straff und strahlend, zus\u00e4tzlich erscheint die Gesichtskontur besser definiert.<\/p>\n<p><img decoding=\"async\" class=\"alignnone wp-image-4375\" src=\"https:\/\/www.drtemt.at\/wp-content\/uploads\/2019\/08\/Pikto_CM_Matrixyl_3000-397x400.jpg\" alt=\"\" width=\"30\" height=\"30\" \/> Matrixyl\u00ae 3000 unterst\u00fctz die nat\u00fcrliche Kollagenproduktion der Haut.<\/p>\n<p><img decoding=\"async\" class=\"alignnone wp-image-4373\" src=\"https:\/\/www.drtemt.at\/wp-content\/uploads\/2019\/08\/Pickto_Stop-394x400.jpg\" alt=\"\" width=\"30\" height=\"30\" \/> Alle Produkte sind frei von Mineral\u00f6len, Silikonen, Parabenen und frei von Mikroplastik.<\/p>\n<p><img decoding=\"async\" class=\"alignnone wp-image-4369\" src=\"https:\/\/www.drtemt.at\/wp-content\/uploads\/2019\/08\/Pickto_No-Animal-Testing-395x400.jpg\" alt=\"\" width=\"32\" height=\"32\" \/> Keine Tierversuche!<\/p>\n<p>Active Ingredients: Magnesium Ascorbyl Phosphat, Matrixyl\u00ae 3000, IDP2 Decapeptide-4, Alpha Glucosyl Herperidin (AGH), Biotin<\/p>\n","protected":false},"excerpt":{"rendered":"<p>Diese hautfestigende und kl\u00e4rende Gesichtsmaske mit Depotwirkung hilft den Anzeichen vorzeitiger Hautalterung entgegenzuwirken und sorgt f\u00fcr ein geschmeidiges, straffes und vitales Hautbild. Die au\u00dfergew\u00f6hnliche Formulierung hilft zus\u00e4tzlich Altersflecken zu bek\u00e4mpfen und sorgt f\u00fcr einen ebenm\u00e4\u00dfigen Teint.<\/p>\n","protected":false},"featured_media":7233,"comment_status":"open","ping_status":"closed","template":"","meta":{"_acf_changed":false},"product_brand":[],"product_cat":[112,114],"product_tag":[],"class_list":{"0":"post-5026","1":"product","2":"type-product","3":"status-publish","4":"has-post-thumbnail","6":"product_cat-dr-temt-skincare","7":"product_cat-kollagen","9":"first","10":"instock","11":"taxable","12":"shipping-taxable","13":"purchasable","14":"product-type-simple"},"acf":[],"yoast_head":"<!-- This site is optimized with the Yoast SEO plugin v27.1.1 - https:\/\/yoast.com\/product\/yoast-seo-wordpress\/ -->\n<title>Collagen Management - Contour Lift Maske 100ml - TEMT<\/title>\n<meta name=\"robots\" content=\"index, follow, max-snippet:-1, max-image-preview:large, max-video-preview:-1\" \/>\n<link rel=\"canonical\" href=\"https:\/\/drtemt.at\/de\/product\/contour-lift-mask\/\" \/>\n<meta property=\"og:locale\" content=\"de_DE\" \/>\n<meta property=\"og:type\" content=\"article\" \/>\n<meta property=\"og:title\" content=\"Collagen Management - Contour Lift Maske 100ml - TEMT\" \/>\n<meta property=\"og:description\" content=\"Diese hautfestigende und kl\u00e4rende Gesichtsmaske mit Depotwirkung hilft den Anzeichen vorzeitiger Hautalterung entgegenzuwirken und sorgt f\u00fcr ein geschmeidiges, straffes und vitales Hautbild. Die au\u00dfergew\u00f6hnliche Formulierung hilft zus\u00e4tzlich Altersflecken zu bek\u00e4mpfen und sorgt f\u00fcr einen ebenm\u00e4\u00dfigen Teint.\" \/>\n<meta property=\"og:url\" content=\"https:\/\/drtemt.at\/de\/product\/contour-lift-mask\/\" \/>\n<meta property=\"og:site_name\" content=\"TEMT\" \/>\n<meta property=\"article:modified_time\" content=\"2021-06-11T14:36:41+00:00\" \/>\n<meta property=\"og:image\" content=\"https:\/\/drtemt.at\/wp-content\/uploads\/2020\/08\/DrTemt_Collagen-Management_Contour-Lift-Mask_100ml_web_5995EUR.jpg\" \/>\n\t<meta property=\"og:image:width\" content=\"1000\" \/>\n\t<meta property=\"og:image:height\" content=\"1000\" \/>\n\t<meta property=\"og:image:type\" content=\"image\/jpeg\" \/>\n<meta name=\"twitter:card\" content=\"summary_large_image\" \/>\n<meta name=\"twitter:label1\" content=\"Gesch\u00e4tzte Lesezeit\" \/>\n\t<meta name=\"twitter:data1\" content=\"1 Minute\" \/>\n<script type=\"application\/ld+json\" class=\"yoast-schema-graph\">{\"@context\":\"https:\/\/schema.org\",\"@graph\":[{\"@type\":\"WebPage\",\"@id\":\"https:\/\/drtemt.at\/de\/product\/contour-lift-mask\/\",\"url\":\"https:\/\/drtemt.at\/de\/product\/contour-lift-mask\/\",\"name\":\"Collagen Management - Contour Lift Maske 100ml - TEMT\",\"isPartOf\":{\"@id\":\"https:\/\/drtemt.at\/#website\"},\"primaryImageOfPage\":{\"@id\":\"https:\/\/drtemt.at\/de\/product\/contour-lift-mask\/#primaryimage\"},\"image\":{\"@id\":\"https:\/\/drtemt.at\/de\/product\/contour-lift-mask\/#primaryimage\"},\"thumbnailUrl\":\"https:\/\/drtemt.at\/wp-content\/uploads\/2020\/08\/DrTemt_Collagen-Management_Contour-Lift-Mask_100ml_web_5995EUR.jpg\",\"datePublished\":\"2018-08-13T06:04:44+00:00\",\"dateModified\":\"2021-06-11T14:36:41+00:00\",\"breadcrumb\":{\"@id\":\"https:\/\/drtemt.at\/de\/product\/contour-lift-mask\/#breadcrumb\"},\"inLanguage\":\"de-AT\",\"potentialAction\":[{\"@type\":\"ReadAction\",\"target\":[\"https:\/\/drtemt.at\/de\/product\/contour-lift-mask\/\"]}]},{\"@type\":\"ImageObject\",\"inLanguage\":\"de-AT\",\"@id\":\"https:\/\/drtemt.at\/de\/product\/contour-lift-mask\/#primaryimage\",\"url\":\"https:\/\/drtemt.at\/wp-content\/uploads\/2020\/08\/DrTemt_Collagen-Management_Contour-Lift-Mask_100ml_web_5995EUR.jpg\",\"contentUrl\":\"https:\/\/drtemt.at\/wp-content\/uploads\/2020\/08\/DrTemt_Collagen-Management_Contour-Lift-Mask_100ml_web_5995EUR.jpg\",\"width\":1000,\"height\":1000},{\"@type\":\"BreadcrumbList\",\"@id\":\"https:\/\/drtemt.at\/de\/product\/contour-lift-mask\/#breadcrumb\",\"itemListElement\":[{\"@type\":\"ListItem\",\"position\":1,\"name\":\"Startseite\",\"item\":\"https:\/\/drtemt.at\/de\/temt-kosmetikprodukte-handmade-by-science\/\"},{\"@type\":\"ListItem\",\"position\":2,\"name\":\"Shop\",\"item\":\"https:\/\/drtemt.at\/de\/shop\/\"},{\"@type\":\"ListItem\",\"position\":3,\"name\":\"Collagen Management &#8211; Contour Lift Maske 100ml\"}]},{\"@type\":\"WebSite\",\"@id\":\"https:\/\/drtemt.at\/#website\",\"url\":\"https:\/\/drtemt.at\/\",\"name\":\"TEMT\",\"description\":\"Handmade by Science\",\"publisher\":{\"@id\":\"https:\/\/drtemt.at\/#organization\"},\"potentialAction\":[{\"@type\":\"SearchAction\",\"target\":{\"@type\":\"EntryPoint\",\"urlTemplate\":\"https:\/\/drtemt.at\/?s={search_term_string}\"},\"query-input\":{\"@type\":\"PropertyValueSpecification\",\"valueRequired\":true,\"valueName\":\"search_term_string\"}}],\"inLanguage\":\"de-AT\"},{\"@type\":\"Organization\",\"@id\":\"https:\/\/drtemt.at\/#organization\",\"name\":\"TEMT\",\"url\":\"https:\/\/drtemt.at\/\",\"logo\":{\"@type\":\"ImageObject\",\"inLanguage\":\"de-AT\",\"@id\":\"https:\/\/drtemt.at\/#\/schema\/logo\/image\/\",\"url\":\"https:\/\/drtemt.at\/wp-content\/uploads\/2020\/06\/Temt-Logo-in-Circle.png\",\"contentUrl\":\"https:\/\/drtemt.at\/wp-content\/uploads\/2020\/06\/Temt-Logo-in-Circle.png\",\"width\":350,\"height\":349,\"caption\":\"TEMT\"},\"image\":{\"@id\":\"https:\/\/drtemt.at\/#\/schema\/logo\/image\/\"}}]}<\/script>\n<!-- \/ Yoast SEO plugin. -->","yoast_head_json":{"title":"Collagen Management - Contour Lift Maske 100ml - TEMT","robots":{"index":"index","follow":"follow","max-snippet":"max-snippet:-1","max-image-preview":"max-image-preview:large","max-video-preview":"max-video-preview:-1"},"canonical":"https:\/\/drtemt.at\/de\/product\/contour-lift-mask\/","og_locale":"de_DE","og_type":"article","og_title":"Collagen Management - Contour Lift Maske 100ml - TEMT","og_description":"Diese hautfestigende und kl\u00e4rende Gesichtsmaske mit Depotwirkung hilft den Anzeichen vorzeitiger Hautalterung entgegenzuwirken und sorgt f\u00fcr ein geschmeidiges, straffes und vitales Hautbild. Die au\u00dfergew\u00f6hnliche Formulierung hilft zus\u00e4tzlich Altersflecken zu bek\u00e4mpfen und sorgt f\u00fcr einen ebenm\u00e4\u00dfigen Teint.","og_url":"https:\/\/drtemt.at\/de\/product\/contour-lift-mask\/","og_site_name":"TEMT","article_modified_time":"2021-06-11T14:36:41+00:00","og_image":[{"width":1000,"height":1000,"url":"https:\/\/drtemt.at\/wp-content\/uploads\/2020\/08\/DrTemt_Collagen-Management_Contour-Lift-Mask_100ml_web_5995EUR.jpg","type":"image\/jpeg"}],"twitter_card":"summary_large_image","twitter_misc":{"Gesch\u00e4tzte Lesezeit":"1 Minute"},"schema":{"@context":"https:\/\/schema.org","@graph":[{"@type":"WebPage","@id":"https:\/\/drtemt.at\/de\/product\/contour-lift-mask\/","url":"https:\/\/drtemt.at\/de\/product\/contour-lift-mask\/","name":"Collagen Management - Contour Lift Maske 100ml - TEMT","isPartOf":{"@id":"https:\/\/drtemt.at\/#website"},"primaryImageOfPage":{"@id":"https:\/\/drtemt.at\/de\/product\/contour-lift-mask\/#primaryimage"},"image":{"@id":"https:\/\/drtemt.at\/de\/product\/contour-lift-mask\/#primaryimage"},"thumbnailUrl":"https:\/\/drtemt.at\/wp-content\/uploads\/2020\/08\/DrTemt_Collagen-Management_Contour-Lift-Mask_100ml_web_5995EUR.jpg","datePublished":"2018-08-13T06:04:44+00:00","dateModified":"2021-06-11T14:36:41+00:00","breadcrumb":{"@id":"https:\/\/drtemt.at\/de\/product\/contour-lift-mask\/#breadcrumb"},"inLanguage":"de-AT","potentialAction":[{"@type":"ReadAction","target":["https:\/\/drtemt.at\/de\/product\/contour-lift-mask\/"]}]},{"@type":"ImageObject","inLanguage":"de-AT","@id":"https:\/\/drtemt.at\/de\/product\/contour-lift-mask\/#primaryimage","url":"https:\/\/drtemt.at\/wp-content\/uploads\/2020\/08\/DrTemt_Collagen-Management_Contour-Lift-Mask_100ml_web_5995EUR.jpg","contentUrl":"https:\/\/drtemt.at\/wp-content\/uploads\/2020\/08\/DrTemt_Collagen-Management_Contour-Lift-Mask_100ml_web_5995EUR.jpg","width":1000,"height":1000},{"@type":"BreadcrumbList","@id":"https:\/\/drtemt.at\/de\/product\/contour-lift-mask\/#breadcrumb","itemListElement":[{"@type":"ListItem","position":1,"name":"Startseite","item":"https:\/\/drtemt.at\/de\/temt-kosmetikprodukte-handmade-by-science\/"},{"@type":"ListItem","position":2,"name":"Shop","item":"https:\/\/drtemt.at\/de\/shop\/"},{"@type":"ListItem","position":3,"name":"Collagen Management &#8211; Contour Lift Maske 100ml"}]},{"@type":"WebSite","@id":"https:\/\/drtemt.at\/#website","url":"https:\/\/drtemt.at\/","name":"TEMT","description":"Handmade by Science","publisher":{"@id":"https:\/\/drtemt.at\/#organization"},"potentialAction":[{"@type":"SearchAction","target":{"@type":"EntryPoint","urlTemplate":"https:\/\/drtemt.at\/?s={search_term_string}"},"query-input":{"@type":"PropertyValueSpecification","valueRequired":true,"valueName":"search_term_string"}}],"inLanguage":"de-AT"},{"@type":"Organization","@id":"https:\/\/drtemt.at\/#organization","name":"TEMT","url":"https:\/\/drtemt.at\/","logo":{"@type":"ImageObject","inLanguage":"de-AT","@id":"https:\/\/drtemt.at\/#\/schema\/logo\/image\/","url":"https:\/\/drtemt.at\/wp-content\/uploads\/2020\/06\/Temt-Logo-in-Circle.png","contentUrl":"https:\/\/drtemt.at\/wp-content\/uploads\/2020\/06\/Temt-Logo-in-Circle.png","width":350,"height":349,"caption":"TEMT"},"image":{"@id":"https:\/\/drtemt.at\/#\/schema\/logo\/image\/"}}]}},"_links":{"self":[{"href":"https:\/\/drtemt.at\/de\/wp-json\/wp\/v2\/product\/5026","targetHints":{"allow":["GET"]}}],"collection":[{"href":"https:\/\/drtemt.at\/de\/wp-json\/wp\/v2\/product"}],"about":[{"href":"https:\/\/drtemt.at\/de\/wp-json\/wp\/v2\/types\/product"}],"replies":[{"embeddable":true,"href":"https:\/\/drtemt.at\/de\/wp-json\/wp\/v2\/comments?post=5026"}],"wp:featuredmedia":[{"embeddable":true,"href":"https:\/\/drtemt.at\/de\/wp-json\/wp\/v2\/media\/7233"}],"wp:attachment":[{"href":"https:\/\/drtemt.at\/de\/wp-json\/wp\/v2\/media?parent=5026"}],"wp:term":[{"taxonomy":"product_brand","embeddable":true,"href":"https:\/\/drtemt.at\/de\/wp-json\/wp\/v2\/product_brand?post=5026"},{"taxonomy":"product_cat","embeddable":true,"href":"https:\/\/drtemt.at\/de\/wp-json\/wp\/v2\/product_cat?post=5026"},{"taxonomy":"product_tag","embeddable":true,"href":"https:\/\/drtemt.at\/de\/wp-json\/wp\/v2\/product_tag?post=5026"}],"curies":[{"name":"wp","href":"https:\/\/api.w.org\/{rel}","templated":true}]}}