{"id":36176,"date":"2025-06-06T14:08:49","date_gmt":"2025-06-06T12:08:50","guid":{"rendered":"https:\/\/drtemt.at\/?post_type=product&#038;p=36176"},"modified":"2025-09-29T13:25:57","modified_gmt":"2025-09-29T11:25:57","slug":"anti-cellulite-koerperlotion","status":"publish","type":"product","link":"https:\/\/drtemt.at\/de\/product\/anti-cellulite-koerperlotion\/","title":{"rendered":"Anti-Cellulite-K\u00f6rperlotion"},"content":{"rendered":"<div><span lang=\"DE\">Je \u00e4lter ich werde, umso besser m\u00f6chte ich aussehen &#8211; BIO SLIM + ShapePerfection Komplex wirkt gegen meine Cellulite und macht meine Haut glatt und sexy!<\/span><\/div>\n","protected":false},"excerpt":{"rendered":"<p style=\"font-weight: 400;\">Je \u00e4lter ich werde, umso besser m\u00f6chte ich aussehen &#8211; BIO SLIM + ShapePerfection Komplex wirkt gegen meine Cellulite und macht meine Haut glatt und sexy!<\/p>\n","protected":false},"featured_media":36452,"comment_status":"open","ping_status":"closed","template":"","meta":{"_acf_changed":false},"product_brand":[],"product_cat":[163],"product_tag":[],"class_list":{"0":"post-36176","1":"product","2":"type-product","3":"status-publish","4":"has-post-thumbnail","6":"product_cat-martina-reuter-de","8":"first","9":"instock","10":"taxable","11":"shipping-taxable","12":"purchasable","13":"product-type-simple"},"acf":[],"yoast_head":"<!-- This site is optimized with the Yoast SEO plugin v27.1.1 - https:\/\/yoast.com\/product\/yoast-seo-wordpress\/ -->\n<title>Anti-Cellulite-K\u00f6rperlotion - TEMT<\/title>\n<meta name=\"robots\" content=\"index, follow, max-snippet:-1, max-image-preview:large, max-video-preview:-1\" \/>\n<link rel=\"canonical\" href=\"https:\/\/drtemt.at\/de\/product\/anti-cellulite-koerperlotion\/\" \/>\n<meta property=\"og:locale\" content=\"de_DE\" \/>\n<meta property=\"og:type\" content=\"article\" \/>\n<meta property=\"og:title\" content=\"Anti-Cellulite-K\u00f6rperlotion - TEMT\" \/>\n<meta property=\"og:description\" content=\"Je \u00e4lter ich werde, umso besser m\u00f6chte ich aussehen - BIO SLIM + ShapePerfection Komplex wirkt gegen meine Cellulite und macht meine Haut glatt und sexy!\" \/>\n<meta property=\"og:url\" content=\"https:\/\/drtemt.at\/de\/product\/anti-cellulite-koerperlotion\/\" \/>\n<meta property=\"og:site_name\" content=\"TEMT\" \/>\n<meta property=\"article:modified_time\" content=\"2025-09-29T11:25:57+00:00\" \/>\n<meta property=\"og:image\" content=\"https:\/\/drtemt.at\/wp-content\/uploads\/2025\/06\/P1012482_Version_1-ed.jpg\" \/>\n\t<meta property=\"og:image:width\" content=\"1000\" \/>\n\t<meta property=\"og:image:height\" content=\"1000\" \/>\n\t<meta property=\"og:image:type\" content=\"image\/jpeg\" \/>\n<meta name=\"twitter:card\" content=\"summary_large_image\" \/>\n<script type=\"application\/ld+json\" class=\"yoast-schema-graph\">{\"@context\":\"https:\/\/schema.org\",\"@graph\":[{\"@type\":\"WebPage\",\"@id\":\"https:\/\/drtemt.at\/de\/product\/anti-cellulite-koerperlotion\/\",\"url\":\"https:\/\/drtemt.at\/de\/product\/anti-cellulite-koerperlotion\/\",\"name\":\"Anti-Cellulite-K\u00f6rperlotion - TEMT\",\"isPartOf\":{\"@id\":\"https:\/\/drtemt.at\/#website\"},\"primaryImageOfPage\":{\"@id\":\"https:\/\/drtemt.at\/de\/product\/anti-cellulite-koerperlotion\/#primaryimage\"},\"image\":{\"@id\":\"https:\/\/drtemt.at\/de\/product\/anti-cellulite-koerperlotion\/#primaryimage\"},\"thumbnailUrl\":\"https:\/\/drtemt.at\/wp-content\/uploads\/2025\/06\/P1012482_Version_1-ed.jpg\",\"datePublished\":\"2025-06-06T12:08:50+00:00\",\"dateModified\":\"2025-09-29T11:25:57+00:00\",\"breadcrumb\":{\"@id\":\"https:\/\/drtemt.at\/de\/product\/anti-cellulite-koerperlotion\/#breadcrumb\"},\"inLanguage\":\"de-AT\",\"potentialAction\":[{\"@type\":\"ReadAction\",\"target\":[\"https:\/\/drtemt.at\/de\/product\/anti-cellulite-koerperlotion\/\"]}]},{\"@type\":\"ImageObject\",\"inLanguage\":\"de-AT\",\"@id\":\"https:\/\/drtemt.at\/de\/product\/anti-cellulite-koerperlotion\/#primaryimage\",\"url\":\"https:\/\/drtemt.at\/wp-content\/uploads\/2025\/06\/P1012482_Version_1-ed.jpg\",\"contentUrl\":\"https:\/\/drtemt.at\/wp-content\/uploads\/2025\/06\/P1012482_Version_1-ed.jpg\",\"width\":1000,\"height\":1000,\"caption\":\"OLYMPUS DIGITAL CAMERA\"},{\"@type\":\"BreadcrumbList\",\"@id\":\"https:\/\/drtemt.at\/de\/product\/anti-cellulite-koerperlotion\/#breadcrumb\",\"itemListElement\":[{\"@type\":\"ListItem\",\"position\":1,\"name\":\"Startseite\",\"item\":\"https:\/\/drtemt.at\/de\/temt-kosmetikprodukte-handmade-by-science\/\"},{\"@type\":\"ListItem\",\"position\":2,\"name\":\"Shop\",\"item\":\"https:\/\/drtemt.at\/de\/shop\/\"},{\"@type\":\"ListItem\",\"position\":3,\"name\":\"Anti-Cellulite-K\u00f6rperlotion\"}]},{\"@type\":\"WebSite\",\"@id\":\"https:\/\/drtemt.at\/#website\",\"url\":\"https:\/\/drtemt.at\/\",\"name\":\"TEMT\",\"description\":\"Handmade by Science\",\"publisher\":{\"@id\":\"https:\/\/drtemt.at\/#organization\"},\"potentialAction\":[{\"@type\":\"SearchAction\",\"target\":{\"@type\":\"EntryPoint\",\"urlTemplate\":\"https:\/\/drtemt.at\/?s={search_term_string}\"},\"query-input\":{\"@type\":\"PropertyValueSpecification\",\"valueRequired\":true,\"valueName\":\"search_term_string\"}}],\"inLanguage\":\"de-AT\"},{\"@type\":\"Organization\",\"@id\":\"https:\/\/drtemt.at\/#organization\",\"name\":\"TEMT\",\"url\":\"https:\/\/drtemt.at\/\",\"logo\":{\"@type\":\"ImageObject\",\"inLanguage\":\"de-AT\",\"@id\":\"https:\/\/drtemt.at\/#\/schema\/logo\/image\/\",\"url\":\"https:\/\/drtemt.at\/wp-content\/uploads\/2020\/06\/Temt-Logo-in-Circle.png\",\"contentUrl\":\"https:\/\/drtemt.at\/wp-content\/uploads\/2020\/06\/Temt-Logo-in-Circle.png\",\"width\":350,\"height\":349,\"caption\":\"TEMT\"},\"image\":{\"@id\":\"https:\/\/drtemt.at\/#\/schema\/logo\/image\/\"}}]}<\/script>\n<!-- \/ Yoast SEO plugin. -->","yoast_head_json":{"title":"Anti-Cellulite-K\u00f6rperlotion - TEMT","robots":{"index":"index","follow":"follow","max-snippet":"max-snippet:-1","max-image-preview":"max-image-preview:large","max-video-preview":"max-video-preview:-1"},"canonical":"https:\/\/drtemt.at\/de\/product\/anti-cellulite-koerperlotion\/","og_locale":"de_DE","og_type":"article","og_title":"Anti-Cellulite-K\u00f6rperlotion - TEMT","og_description":"Je \u00e4lter ich werde, umso besser m\u00f6chte ich aussehen - BIO SLIM + ShapePerfection Komplex wirkt gegen meine Cellulite und macht meine Haut glatt und sexy!","og_url":"https:\/\/drtemt.at\/de\/product\/anti-cellulite-koerperlotion\/","og_site_name":"TEMT","article_modified_time":"2025-09-29T11:25:57+00:00","og_image":[{"width":1000,"height":1000,"url":"https:\/\/drtemt.at\/wp-content\/uploads\/2025\/06\/P1012482_Version_1-ed.jpg","type":"image\/jpeg"}],"twitter_card":"summary_large_image","schema":{"@context":"https:\/\/schema.org","@graph":[{"@type":"WebPage","@id":"https:\/\/drtemt.at\/de\/product\/anti-cellulite-koerperlotion\/","url":"https:\/\/drtemt.at\/de\/product\/anti-cellulite-koerperlotion\/","name":"Anti-Cellulite-K\u00f6rperlotion - TEMT","isPartOf":{"@id":"https:\/\/drtemt.at\/#website"},"primaryImageOfPage":{"@id":"https:\/\/drtemt.at\/de\/product\/anti-cellulite-koerperlotion\/#primaryimage"},"image":{"@id":"https:\/\/drtemt.at\/de\/product\/anti-cellulite-koerperlotion\/#primaryimage"},"thumbnailUrl":"https:\/\/drtemt.at\/wp-content\/uploads\/2025\/06\/P1012482_Version_1-ed.jpg","datePublished":"2025-06-06T12:08:50+00:00","dateModified":"2025-09-29T11:25:57+00:00","breadcrumb":{"@id":"https:\/\/drtemt.at\/de\/product\/anti-cellulite-koerperlotion\/#breadcrumb"},"inLanguage":"de-AT","potentialAction":[{"@type":"ReadAction","target":["https:\/\/drtemt.at\/de\/product\/anti-cellulite-koerperlotion\/"]}]},{"@type":"ImageObject","inLanguage":"de-AT","@id":"https:\/\/drtemt.at\/de\/product\/anti-cellulite-koerperlotion\/#primaryimage","url":"https:\/\/drtemt.at\/wp-content\/uploads\/2025\/06\/P1012482_Version_1-ed.jpg","contentUrl":"https:\/\/drtemt.at\/wp-content\/uploads\/2025\/06\/P1012482_Version_1-ed.jpg","width":1000,"height":1000,"caption":"OLYMPUS DIGITAL CAMERA"},{"@type":"BreadcrumbList","@id":"https:\/\/drtemt.at\/de\/product\/anti-cellulite-koerperlotion\/#breadcrumb","itemListElement":[{"@type":"ListItem","position":1,"name":"Startseite","item":"https:\/\/drtemt.at\/de\/temt-kosmetikprodukte-handmade-by-science\/"},{"@type":"ListItem","position":2,"name":"Shop","item":"https:\/\/drtemt.at\/de\/shop\/"},{"@type":"ListItem","position":3,"name":"Anti-Cellulite-K\u00f6rperlotion"}]},{"@type":"WebSite","@id":"https:\/\/drtemt.at\/#website","url":"https:\/\/drtemt.at\/","name":"TEMT","description":"Handmade by Science","publisher":{"@id":"https:\/\/drtemt.at\/#organization"},"potentialAction":[{"@type":"SearchAction","target":{"@type":"EntryPoint","urlTemplate":"https:\/\/drtemt.at\/?s={search_term_string}"},"query-input":{"@type":"PropertyValueSpecification","valueRequired":true,"valueName":"search_term_string"}}],"inLanguage":"de-AT"},{"@type":"Organization","@id":"https:\/\/drtemt.at\/#organization","name":"TEMT","url":"https:\/\/drtemt.at\/","logo":{"@type":"ImageObject","inLanguage":"de-AT","@id":"https:\/\/drtemt.at\/#\/schema\/logo\/image\/","url":"https:\/\/drtemt.at\/wp-content\/uploads\/2020\/06\/Temt-Logo-in-Circle.png","contentUrl":"https:\/\/drtemt.at\/wp-content\/uploads\/2020\/06\/Temt-Logo-in-Circle.png","width":350,"height":349,"caption":"TEMT"},"image":{"@id":"https:\/\/drtemt.at\/#\/schema\/logo\/image\/"}}]}},"_links":{"self":[{"href":"https:\/\/drtemt.at\/de\/wp-json\/wp\/v2\/product\/36176","targetHints":{"allow":["GET"]}}],"collection":[{"href":"https:\/\/drtemt.at\/de\/wp-json\/wp\/v2\/product"}],"about":[{"href":"https:\/\/drtemt.at\/de\/wp-json\/wp\/v2\/types\/product"}],"replies":[{"embeddable":true,"href":"https:\/\/drtemt.at\/de\/wp-json\/wp\/v2\/comments?post=36176"}],"wp:featuredmedia":[{"embeddable":true,"href":"https:\/\/drtemt.at\/de\/wp-json\/wp\/v2\/media\/36452"}],"wp:attachment":[{"href":"https:\/\/drtemt.at\/de\/wp-json\/wp\/v2\/media?parent=36176"}],"wp:term":[{"taxonomy":"product_brand","embeddable":true,"href":"https:\/\/drtemt.at\/de\/wp-json\/wp\/v2\/product_brand?post=36176"},{"taxonomy":"product_cat","embeddable":true,"href":"https:\/\/drtemt.at\/de\/wp-json\/wp\/v2\/product_cat?post=36176"},{"taxonomy":"product_tag","embeddable":true,"href":"https:\/\/drtemt.at\/de\/wp-json\/wp\/v2\/product_tag?post=36176"}],"curies":[{"name":"wp","href":"https:\/\/api.w.org\/{rel}","templated":true}]}}