{"id":16649,"date":"2020-12-02T17:37:49","date_gmt":"2020-12-02T17:31:06","guid":{"rendered":"https:\/\/drtemt.at\/product\/eye-duo-set\/"},"modified":"2024-11-09T08:37:57","modified_gmt":"2024-11-09T07:37:57","slug":"eye-duo-set","status":"publish","type":"product","link":"https:\/\/drtemt.at\/de\/product\/eye-duo-set\/","title":{"rendered":"Eye Duo Set"},"content":{"rendered":"<p>Alles rund ums Auge! \u2013 kompakt in einem Set! G\u00f6nn\u2018 dir noch mehr Ausstrahlung mit unser Eye Duo Set. Das Set enth\u00e4lt unsere<a href=\"https:\/\/drtemt.at\/product\/wow-eye-cream\/\">W.O.W. Eye Cream<\/a>, um die empfindliche Augenpartie zu sch\u00fctzen und zus\u00e4tzlich unser <a href=\"https:\/\/drtemt.at\/product\/my-lash-and-brow\/\">MY LASH &amp; BROW<\/a> Wimpernserum. Unser veganes Serum verst\u00e4rkt das nat\u00fcrliche Wachstum der Wimpern am Ober- und Unterlid sowie der Augenbrauen.<\/p>\n","protected":false},"excerpt":{"rendered":"<p>Alles rund ums Auge \u2013 kompakt in einem Paket! Lass deine Augen noch mehr strahlen mit unserem Eye Duo Set. Das Set enth\u00e4lt unsere <a href=\"https:\/\/drtemt.at\/product\/wow-eye-cream\/\">W.O.W. Eye Cream<\/a>, um die empfindliche Augenpartie zu sch\u00fctzen und zus\u00e4tzlich unser <a href=\"https:\/\/drtemt.at\/product\/my-lash-and-brow\/\">MY LASH &amp; BROW Serum<\/a>. Unser veganes Serum verst\u00e4rkt das nat\u00fcrliche Wachstum der Wimpern am Ober- und Unterlid sowie der Augenbrauen.<\/p>\n","protected":false},"featured_media":27179,"comment_status":"open","ping_status":"closed","template":"","meta":{"_acf_changed":false},"product_brand":[],"product_cat":[100,146],"product_tag":[156,129],"class_list":{"0":"post-16649","1":"product","2":"type-product","3":"status-publish","4":"has-post-thumbnail","6":"product_cat-augen","7":"product_cat-sets-de","8":"product_tag-not-for-sale-de","9":"product_tag-set-de","11":"first","12":"instock","13":"sale","14":"taxable","15":"shipping-taxable","16":"purchasable","17":"product-type-simple"},"acf":[],"yoast_head":"<!-- This site is optimized with the Yoast SEO plugin v27.1.1 - https:\/\/yoast.com\/product\/yoast-seo-wordpress\/ -->\n<title>Eye Duo Set - TEMT<\/title>\n<meta name=\"robots\" content=\"index, follow, max-snippet:-1, max-image-preview:large, max-video-preview:-1\" \/>\n<link rel=\"canonical\" href=\"https:\/\/drtemt.at\/de\/product\/eye-duo-set\/\" \/>\n<meta property=\"og:locale\" content=\"de_DE\" \/>\n<meta property=\"og:type\" content=\"article\" \/>\n<meta property=\"og:title\" content=\"Eye Duo Set - TEMT\" \/>\n<meta property=\"og:description\" content=\"Alles rund ums Auge \u2013 kompakt in einem Paket! Lass deine Augen noch mehr strahlen mit unserem Eye Duo Set. Das Set enth\u00e4lt unsere W.O.W. Eye Cream, um die empfindliche Augenpartie zu sch\u00fctzen und zus\u00e4tzlich unser MY LASH &amp; BROW Serum. Unser veganes Serum verst\u00e4rkt das nat\u00fcrliche Wachstum der Wimpern am Ober- und Unterlid sowie der Augenbrauen.\" \/>\n<meta property=\"og:url\" content=\"https:\/\/drtemt.at\/de\/product\/eye-duo-set\/\" \/>\n<meta property=\"og:site_name\" content=\"TEMT\" \/>\n<meta property=\"article:modified_time\" content=\"2024-11-09T07:37:57+00:00\" \/>\n<meta property=\"og:image\" content=\"https:\/\/drtemt.at\/wp-content\/uploads\/2020\/12\/Eye-Duo-Products-1.jpg\" \/>\n\t<meta property=\"og:image:width\" content=\"1001\" \/>\n\t<meta property=\"og:image:height\" content=\"1001\" \/>\n\t<meta property=\"og:image:type\" content=\"image\/jpeg\" \/>\n<meta name=\"twitter:card\" content=\"summary_large_image\" \/>\n<script type=\"application\/ld+json\" class=\"yoast-schema-graph\">{\"@context\":\"https:\/\/schema.org\",\"@graph\":[{\"@type\":\"WebPage\",\"@id\":\"https:\/\/drtemt.at\/de\/product\/eye-duo-set\/\",\"url\":\"https:\/\/drtemt.at\/de\/product\/eye-duo-set\/\",\"name\":\"Eye Duo Set - TEMT\",\"isPartOf\":{\"@id\":\"https:\/\/drtemt.at\/#website\"},\"primaryImageOfPage\":{\"@id\":\"https:\/\/drtemt.at\/de\/product\/eye-duo-set\/#primaryimage\"},\"image\":{\"@id\":\"https:\/\/drtemt.at\/de\/product\/eye-duo-set\/#primaryimage\"},\"thumbnailUrl\":\"https:\/\/drtemt.at\/wp-content\/uploads\/2020\/12\/Eye-Duo-Products-1.jpg\",\"datePublished\":\"2020-12-02T17:31:06+00:00\",\"dateModified\":\"2024-11-09T07:37:57+00:00\",\"breadcrumb\":{\"@id\":\"https:\/\/drtemt.at\/de\/product\/eye-duo-set\/#breadcrumb\"},\"inLanguage\":\"de-AT\",\"potentialAction\":[{\"@type\":\"ReadAction\",\"target\":[\"https:\/\/drtemt.at\/de\/product\/eye-duo-set\/\"]}]},{\"@type\":\"ImageObject\",\"inLanguage\":\"de-AT\",\"@id\":\"https:\/\/drtemt.at\/de\/product\/eye-duo-set\/#primaryimage\",\"url\":\"https:\/\/drtemt.at\/wp-content\/uploads\/2020\/12\/Eye-Duo-Products-1.jpg\",\"contentUrl\":\"https:\/\/drtemt.at\/wp-content\/uploads\/2020\/12\/Eye-Duo-Products-1.jpg\",\"width\":1001,\"height\":1001},{\"@type\":\"BreadcrumbList\",\"@id\":\"https:\/\/drtemt.at\/de\/product\/eye-duo-set\/#breadcrumb\",\"itemListElement\":[{\"@type\":\"ListItem\",\"position\":1,\"name\":\"Startseite\",\"item\":\"https:\/\/drtemt.at\/de\/temt-kosmetikprodukte-handmade-by-science\/\"},{\"@type\":\"ListItem\",\"position\":2,\"name\":\"Shop\",\"item\":\"https:\/\/drtemt.at\/de\/shop\/\"},{\"@type\":\"ListItem\",\"position\":3,\"name\":\"Eye Duo Set\"}]},{\"@type\":\"WebSite\",\"@id\":\"https:\/\/drtemt.at\/#website\",\"url\":\"https:\/\/drtemt.at\/\",\"name\":\"TEMT\",\"description\":\"Handmade by Science\",\"publisher\":{\"@id\":\"https:\/\/drtemt.at\/#organization\"},\"potentialAction\":[{\"@type\":\"SearchAction\",\"target\":{\"@type\":\"EntryPoint\",\"urlTemplate\":\"https:\/\/drtemt.at\/?s={search_term_string}\"},\"query-input\":{\"@type\":\"PropertyValueSpecification\",\"valueRequired\":true,\"valueName\":\"search_term_string\"}}],\"inLanguage\":\"de-AT\"},{\"@type\":\"Organization\",\"@id\":\"https:\/\/drtemt.at\/#organization\",\"name\":\"TEMT\",\"url\":\"https:\/\/drtemt.at\/\",\"logo\":{\"@type\":\"ImageObject\",\"inLanguage\":\"de-AT\",\"@id\":\"https:\/\/drtemt.at\/#\/schema\/logo\/image\/\",\"url\":\"https:\/\/drtemt.at\/wp-content\/uploads\/2020\/06\/Temt-Logo-in-Circle.png\",\"contentUrl\":\"https:\/\/drtemt.at\/wp-content\/uploads\/2020\/06\/Temt-Logo-in-Circle.png\",\"width\":350,\"height\":349,\"caption\":\"TEMT\"},\"image\":{\"@id\":\"https:\/\/drtemt.at\/#\/schema\/logo\/image\/\"}}]}<\/script>\n<!-- \/ Yoast SEO plugin. -->","yoast_head_json":{"title":"Eye Duo Set - TEMT","robots":{"index":"index","follow":"follow","max-snippet":"max-snippet:-1","max-image-preview":"max-image-preview:large","max-video-preview":"max-video-preview:-1"},"canonical":"https:\/\/drtemt.at\/de\/product\/eye-duo-set\/","og_locale":"de_DE","og_type":"article","og_title":"Eye Duo Set - TEMT","og_description":"Alles rund ums Auge \u2013 kompakt in einem Paket! Lass deine Augen noch mehr strahlen mit unserem Eye Duo Set. Das Set enth\u00e4lt unsere W.O.W. Eye Cream, um die empfindliche Augenpartie zu sch\u00fctzen und zus\u00e4tzlich unser MY LASH &amp; BROW Serum. Unser veganes Serum verst\u00e4rkt das nat\u00fcrliche Wachstum der Wimpern am Ober- und Unterlid sowie der Augenbrauen.","og_url":"https:\/\/drtemt.at\/de\/product\/eye-duo-set\/","og_site_name":"TEMT","article_modified_time":"2024-11-09T07:37:57+00:00","og_image":[{"width":1001,"height":1001,"url":"https:\/\/drtemt.at\/wp-content\/uploads\/2020\/12\/Eye-Duo-Products-1.jpg","type":"image\/jpeg"}],"twitter_card":"summary_large_image","schema":{"@context":"https:\/\/schema.org","@graph":[{"@type":"WebPage","@id":"https:\/\/drtemt.at\/de\/product\/eye-duo-set\/","url":"https:\/\/drtemt.at\/de\/product\/eye-duo-set\/","name":"Eye Duo Set - TEMT","isPartOf":{"@id":"https:\/\/drtemt.at\/#website"},"primaryImageOfPage":{"@id":"https:\/\/drtemt.at\/de\/product\/eye-duo-set\/#primaryimage"},"image":{"@id":"https:\/\/drtemt.at\/de\/product\/eye-duo-set\/#primaryimage"},"thumbnailUrl":"https:\/\/drtemt.at\/wp-content\/uploads\/2020\/12\/Eye-Duo-Products-1.jpg","datePublished":"2020-12-02T17:31:06+00:00","dateModified":"2024-11-09T07:37:57+00:00","breadcrumb":{"@id":"https:\/\/drtemt.at\/de\/product\/eye-duo-set\/#breadcrumb"},"inLanguage":"de-AT","potentialAction":[{"@type":"ReadAction","target":["https:\/\/drtemt.at\/de\/product\/eye-duo-set\/"]}]},{"@type":"ImageObject","inLanguage":"de-AT","@id":"https:\/\/drtemt.at\/de\/product\/eye-duo-set\/#primaryimage","url":"https:\/\/drtemt.at\/wp-content\/uploads\/2020\/12\/Eye-Duo-Products-1.jpg","contentUrl":"https:\/\/drtemt.at\/wp-content\/uploads\/2020\/12\/Eye-Duo-Products-1.jpg","width":1001,"height":1001},{"@type":"BreadcrumbList","@id":"https:\/\/drtemt.at\/de\/product\/eye-duo-set\/#breadcrumb","itemListElement":[{"@type":"ListItem","position":1,"name":"Startseite","item":"https:\/\/drtemt.at\/de\/temt-kosmetikprodukte-handmade-by-science\/"},{"@type":"ListItem","position":2,"name":"Shop","item":"https:\/\/drtemt.at\/de\/shop\/"},{"@type":"ListItem","position":3,"name":"Eye Duo Set"}]},{"@type":"WebSite","@id":"https:\/\/drtemt.at\/#website","url":"https:\/\/drtemt.at\/","name":"TEMT","description":"Handmade by Science","publisher":{"@id":"https:\/\/drtemt.at\/#organization"},"potentialAction":[{"@type":"SearchAction","target":{"@type":"EntryPoint","urlTemplate":"https:\/\/drtemt.at\/?s={search_term_string}"},"query-input":{"@type":"PropertyValueSpecification","valueRequired":true,"valueName":"search_term_string"}}],"inLanguage":"de-AT"},{"@type":"Organization","@id":"https:\/\/drtemt.at\/#organization","name":"TEMT","url":"https:\/\/drtemt.at\/","logo":{"@type":"ImageObject","inLanguage":"de-AT","@id":"https:\/\/drtemt.at\/#\/schema\/logo\/image\/","url":"https:\/\/drtemt.at\/wp-content\/uploads\/2020\/06\/Temt-Logo-in-Circle.png","contentUrl":"https:\/\/drtemt.at\/wp-content\/uploads\/2020\/06\/Temt-Logo-in-Circle.png","width":350,"height":349,"caption":"TEMT"},"image":{"@id":"https:\/\/drtemt.at\/#\/schema\/logo\/image\/"}}]}},"_links":{"self":[{"href":"https:\/\/drtemt.at\/de\/wp-json\/wp\/v2\/product\/16649","targetHints":{"allow":["GET"]}}],"collection":[{"href":"https:\/\/drtemt.at\/de\/wp-json\/wp\/v2\/product"}],"about":[{"href":"https:\/\/drtemt.at\/de\/wp-json\/wp\/v2\/types\/product"}],"replies":[{"embeddable":true,"href":"https:\/\/drtemt.at\/de\/wp-json\/wp\/v2\/comments?post=16649"}],"wp:featuredmedia":[{"embeddable":true,"href":"https:\/\/drtemt.at\/de\/wp-json\/wp\/v2\/media\/27179"}],"wp:attachment":[{"href":"https:\/\/drtemt.at\/de\/wp-json\/wp\/v2\/media?parent=16649"}],"wp:term":[{"taxonomy":"product_brand","embeddable":true,"href":"https:\/\/drtemt.at\/de\/wp-json\/wp\/v2\/product_brand?post=16649"},{"taxonomy":"product_cat","embeddable":true,"href":"https:\/\/drtemt.at\/de\/wp-json\/wp\/v2\/product_cat?post=16649"},{"taxonomy":"product_tag","embeddable":true,"href":"https:\/\/drtemt.at\/de\/wp-json\/wp\/v2\/product_tag?post=16649"}],"curies":[{"name":"wp","href":"https:\/\/api.w.org\/{rel}","templated":true}]}}