{"id":16647,"date":"2020-12-02T17:52:36","date_gmt":"2020-12-02T16:52:36","guid":{"rendered":"https:\/\/drtemt.at\/product\/3-step-regimen-set\/"},"modified":"2024-12-11T16:22:57","modified_gmt":"2024-12-11T15:22:57","slug":"3-step-regimen-set","status":"publish","type":"product","link":"https:\/\/drtemt.at\/de\/product\/3-step-regimen-set\/","title":{"rendered":"3-Step Regimen Set"},"content":{"rendered":"<p>Spare beim Kauf unserer drei TEMT Skincare Regimen Essentials. Das 3-Step Regimen Set enth\u00e4lt unser dreifach vernetztes Hyalurons\u00e4ure-Serum <a href=\"https:\/\/drtemt.at\/de\/product\/hyaluronic-triple-serum\/\"><span data-olk-copy-source=\"MessageBody\">Hyaluron Triple Serum + Vitamin C<\/span><\/a>, unsere <a href=\"https:\/\/drtemt.at\/product\/collagen-boost-cream\/\">Collagen Boost Cream<\/a> f\u00fcr eine straffere Haut und unser <a href=\"https:\/\/drtemt.at\/product\/wash-away\/\">A.H.A. Wash Away Reinigungsgel<\/a> f\u00fcr einen ebenm\u00e4ssigen, makellosen Glow.<\/p>\n<p><span data-olk-copy-source=\"MessageBody\">Wir arbeiten daran, die Bilder so schnell wie m\u00f6glich zu aktualisieren und danken Ihnen f\u00fcr Ihr Verst\u00e4ndnis in der Zwischenzeit.<\/span><\/p>\n","protected":false},"excerpt":{"rendered":"<p>Spare beim Kauf unserer drei TEMT Skincare Regimen Essentials. Das 3-Step Regimen Set enth\u00e4lt unser dreifach vernetztes Hyalurons\u00e4ure-Serum <a href=\"https:\/\/drtemt.at\/de\/product\/hyaluronic-triple-serum\/\"><span data-olk-copy-source=\"MessageBody\">Hyaluron Triple Serum + Vitamin C<\/span><\/a>, unsere <a href=\"https:\/\/drtemt.at\/product\/collagen-boost-cream\/\">Collagen Boost Cream<\/a> f\u00fcr eine straffere Haut und unser <a href=\"https:\/\/drtemt.at\/product\/wash-away\/\">A.H.A. Wash Away Reinigungsgel<\/a> f\u00fcr einen ebenm\u00e4ssigen, makellosen Glow.<\/p>\n<p><span data-olk-copy-source=\"MessageBody\">Wir arbeiten daran, die Bilder so schnell wie m\u00f6glich zu aktualisieren und danken Ihnen f\u00fcr Ihr Verst\u00e4ndnis in der Zwischenzeit.<\/span><\/p>\n","protected":false},"featured_media":27175,"comment_status":"open","ping_status":"closed","template":"","meta":{"_acf_changed":false},"product_brand":[],"product_cat":[101,146],"product_tag":[129],"class_list":{"0":"post-16647","1":"product","2":"type-product","3":"status-publish","4":"has-post-thumbnail","6":"product_cat-gesicht","7":"product_cat-sets-de","8":"product_tag-set-de","10":"first","11":"instock","12":"sale","13":"taxable","14":"shipping-taxable","15":"purchasable","16":"product-type-simple"},"acf":[],"yoast_head":"<!-- This site is optimized with the Yoast SEO plugin v27.1.1 - https:\/\/yoast.com\/product\/yoast-seo-wordpress\/ -->\n<title>3-Step Regimen Set - TEMT<\/title>\n<meta name=\"robots\" content=\"index, follow, max-snippet:-1, max-image-preview:large, max-video-preview:-1\" \/>\n<link rel=\"canonical\" href=\"https:\/\/drtemt.at\/de\/product\/3-step-regimen-set\/\" \/>\n<meta property=\"og:locale\" content=\"de_DE\" \/>\n<meta property=\"og:type\" content=\"article\" \/>\n<meta property=\"og:title\" content=\"3-Step Regimen Set - TEMT\" \/>\n<meta property=\"og:description\" content=\"Spare beim Kauf unserer drei TEMT Skincare Regimen Essentials. Das 3-Step Regimen Set enth\u00e4lt unser dreifach vernetztes Hyalurons\u00e4ure-Serum Hyaluron Triple Serum + Vitamin C, unsere Collagen Boost Cream f\u00fcr eine straffere Haut und unser A.H.A. Wash Away Reinigungsgel f\u00fcr einen ebenm\u00e4ssigen, makellosen Glow.  Wir arbeiten daran, die Bilder so schnell wie m\u00f6glich zu aktualisieren und danken Ihnen f\u00fcr Ihr Verst\u00e4ndnis in der Zwischenzeit.\" \/>\n<meta property=\"og:url\" content=\"https:\/\/drtemt.at\/de\/product\/3-step-regimen-set\/\" \/>\n<meta property=\"og:site_name\" content=\"TEMT\" \/>\n<meta property=\"article:modified_time\" content=\"2024-12-11T15:22:57+00:00\" \/>\n<meta property=\"og:image\" content=\"https:\/\/drtemt.at\/wp-content\/uploads\/2020\/12\/3-Step-Regimen-Products-1.jpg\" \/>\n\t<meta property=\"og:image:width\" content=\"1001\" \/>\n\t<meta property=\"og:image:height\" content=\"1001\" \/>\n\t<meta property=\"og:image:type\" content=\"image\/jpeg\" \/>\n<meta name=\"twitter:card\" content=\"summary_large_image\" \/>\n<script type=\"application\/ld+json\" class=\"yoast-schema-graph\">{\"@context\":\"https:\/\/schema.org\",\"@graph\":[{\"@type\":\"WebPage\",\"@id\":\"https:\/\/drtemt.at\/de\/product\/3-step-regimen-set\/\",\"url\":\"https:\/\/drtemt.at\/de\/product\/3-step-regimen-set\/\",\"name\":\"3-Step Regimen Set - TEMT\",\"isPartOf\":{\"@id\":\"https:\/\/drtemt.at\/#website\"},\"primaryImageOfPage\":{\"@id\":\"https:\/\/drtemt.at\/de\/product\/3-step-regimen-set\/#primaryimage\"},\"image\":{\"@id\":\"https:\/\/drtemt.at\/de\/product\/3-step-regimen-set\/#primaryimage\"},\"thumbnailUrl\":\"https:\/\/drtemt.at\/wp-content\/uploads\/2020\/12\/3-Step-Regimen-Products-1.jpg\",\"datePublished\":\"2020-12-02T16:52:36+00:00\",\"dateModified\":\"2024-12-11T15:22:57+00:00\",\"breadcrumb\":{\"@id\":\"https:\/\/drtemt.at\/de\/product\/3-step-regimen-set\/#breadcrumb\"},\"inLanguage\":\"de-AT\",\"potentialAction\":[{\"@type\":\"ReadAction\",\"target\":[\"https:\/\/drtemt.at\/de\/product\/3-step-regimen-set\/\"]}]},{\"@type\":\"ImageObject\",\"inLanguage\":\"de-AT\",\"@id\":\"https:\/\/drtemt.at\/de\/product\/3-step-regimen-set\/#primaryimage\",\"url\":\"https:\/\/drtemt.at\/wp-content\/uploads\/2020\/12\/3-Step-Regimen-Products-1.jpg\",\"contentUrl\":\"https:\/\/drtemt.at\/wp-content\/uploads\/2020\/12\/3-Step-Regimen-Products-1.jpg\",\"width\":1001,\"height\":1001},{\"@type\":\"BreadcrumbList\",\"@id\":\"https:\/\/drtemt.at\/de\/product\/3-step-regimen-set\/#breadcrumb\",\"itemListElement\":[{\"@type\":\"ListItem\",\"position\":1,\"name\":\"Startseite\",\"item\":\"https:\/\/drtemt.at\/de\/temt-kosmetikprodukte-handmade-by-science\/\"},{\"@type\":\"ListItem\",\"position\":2,\"name\":\"Shop\",\"item\":\"https:\/\/drtemt.at\/de\/shop\/\"},{\"@type\":\"ListItem\",\"position\":3,\"name\":\"3-Step Regimen Set\"}]},{\"@type\":\"WebSite\",\"@id\":\"https:\/\/drtemt.at\/#website\",\"url\":\"https:\/\/drtemt.at\/\",\"name\":\"TEMT\",\"description\":\"Handmade by Science\",\"publisher\":{\"@id\":\"https:\/\/drtemt.at\/#organization\"},\"potentialAction\":[{\"@type\":\"SearchAction\",\"target\":{\"@type\":\"EntryPoint\",\"urlTemplate\":\"https:\/\/drtemt.at\/?s={search_term_string}\"},\"query-input\":{\"@type\":\"PropertyValueSpecification\",\"valueRequired\":true,\"valueName\":\"search_term_string\"}}],\"inLanguage\":\"de-AT\"},{\"@type\":\"Organization\",\"@id\":\"https:\/\/drtemt.at\/#organization\",\"name\":\"TEMT\",\"url\":\"https:\/\/drtemt.at\/\",\"logo\":{\"@type\":\"ImageObject\",\"inLanguage\":\"de-AT\",\"@id\":\"https:\/\/drtemt.at\/#\/schema\/logo\/image\/\",\"url\":\"https:\/\/drtemt.at\/wp-content\/uploads\/2020\/06\/Temt-Logo-in-Circle.png\",\"contentUrl\":\"https:\/\/drtemt.at\/wp-content\/uploads\/2020\/06\/Temt-Logo-in-Circle.png\",\"width\":350,\"height\":349,\"caption\":\"TEMT\"},\"image\":{\"@id\":\"https:\/\/drtemt.at\/#\/schema\/logo\/image\/\"}}]}<\/script>\n<!-- \/ Yoast SEO plugin. -->","yoast_head_json":{"title":"3-Step Regimen Set - TEMT","robots":{"index":"index","follow":"follow","max-snippet":"max-snippet:-1","max-image-preview":"max-image-preview:large","max-video-preview":"max-video-preview:-1"},"canonical":"https:\/\/drtemt.at\/de\/product\/3-step-regimen-set\/","og_locale":"de_DE","og_type":"article","og_title":"3-Step Regimen Set - TEMT","og_description":"Spare beim Kauf unserer drei TEMT Skincare Regimen Essentials. Das 3-Step Regimen Set enth\u00e4lt unser dreifach vernetztes Hyalurons\u00e4ure-Serum Hyaluron Triple Serum + Vitamin C, unsere Collagen Boost Cream f\u00fcr eine straffere Haut und unser A.H.A. Wash Away Reinigungsgel f\u00fcr einen ebenm\u00e4ssigen, makellosen Glow.  Wir arbeiten daran, die Bilder so schnell wie m\u00f6glich zu aktualisieren und danken Ihnen f\u00fcr Ihr Verst\u00e4ndnis in der Zwischenzeit.","og_url":"https:\/\/drtemt.at\/de\/product\/3-step-regimen-set\/","og_site_name":"TEMT","article_modified_time":"2024-12-11T15:22:57+00:00","og_image":[{"width":1001,"height":1001,"url":"https:\/\/drtemt.at\/wp-content\/uploads\/2020\/12\/3-Step-Regimen-Products-1.jpg","type":"image\/jpeg"}],"twitter_card":"summary_large_image","schema":{"@context":"https:\/\/schema.org","@graph":[{"@type":"WebPage","@id":"https:\/\/drtemt.at\/de\/product\/3-step-regimen-set\/","url":"https:\/\/drtemt.at\/de\/product\/3-step-regimen-set\/","name":"3-Step Regimen Set - TEMT","isPartOf":{"@id":"https:\/\/drtemt.at\/#website"},"primaryImageOfPage":{"@id":"https:\/\/drtemt.at\/de\/product\/3-step-regimen-set\/#primaryimage"},"image":{"@id":"https:\/\/drtemt.at\/de\/product\/3-step-regimen-set\/#primaryimage"},"thumbnailUrl":"https:\/\/drtemt.at\/wp-content\/uploads\/2020\/12\/3-Step-Regimen-Products-1.jpg","datePublished":"2020-12-02T16:52:36+00:00","dateModified":"2024-12-11T15:22:57+00:00","breadcrumb":{"@id":"https:\/\/drtemt.at\/de\/product\/3-step-regimen-set\/#breadcrumb"},"inLanguage":"de-AT","potentialAction":[{"@type":"ReadAction","target":["https:\/\/drtemt.at\/de\/product\/3-step-regimen-set\/"]}]},{"@type":"ImageObject","inLanguage":"de-AT","@id":"https:\/\/drtemt.at\/de\/product\/3-step-regimen-set\/#primaryimage","url":"https:\/\/drtemt.at\/wp-content\/uploads\/2020\/12\/3-Step-Regimen-Products-1.jpg","contentUrl":"https:\/\/drtemt.at\/wp-content\/uploads\/2020\/12\/3-Step-Regimen-Products-1.jpg","width":1001,"height":1001},{"@type":"BreadcrumbList","@id":"https:\/\/drtemt.at\/de\/product\/3-step-regimen-set\/#breadcrumb","itemListElement":[{"@type":"ListItem","position":1,"name":"Startseite","item":"https:\/\/drtemt.at\/de\/temt-kosmetikprodukte-handmade-by-science\/"},{"@type":"ListItem","position":2,"name":"Shop","item":"https:\/\/drtemt.at\/de\/shop\/"},{"@type":"ListItem","position":3,"name":"3-Step Regimen Set"}]},{"@type":"WebSite","@id":"https:\/\/drtemt.at\/#website","url":"https:\/\/drtemt.at\/","name":"TEMT","description":"Handmade by Science","publisher":{"@id":"https:\/\/drtemt.at\/#organization"},"potentialAction":[{"@type":"SearchAction","target":{"@type":"EntryPoint","urlTemplate":"https:\/\/drtemt.at\/?s={search_term_string}"},"query-input":{"@type":"PropertyValueSpecification","valueRequired":true,"valueName":"search_term_string"}}],"inLanguage":"de-AT"},{"@type":"Organization","@id":"https:\/\/drtemt.at\/#organization","name":"TEMT","url":"https:\/\/drtemt.at\/","logo":{"@type":"ImageObject","inLanguage":"de-AT","@id":"https:\/\/drtemt.at\/#\/schema\/logo\/image\/","url":"https:\/\/drtemt.at\/wp-content\/uploads\/2020\/06\/Temt-Logo-in-Circle.png","contentUrl":"https:\/\/drtemt.at\/wp-content\/uploads\/2020\/06\/Temt-Logo-in-Circle.png","width":350,"height":349,"caption":"TEMT"},"image":{"@id":"https:\/\/drtemt.at\/#\/schema\/logo\/image\/"}}]}},"_links":{"self":[{"href":"https:\/\/drtemt.at\/de\/wp-json\/wp\/v2\/product\/16647","targetHints":{"allow":["GET"]}}],"collection":[{"href":"https:\/\/drtemt.at\/de\/wp-json\/wp\/v2\/product"}],"about":[{"href":"https:\/\/drtemt.at\/de\/wp-json\/wp\/v2\/types\/product"}],"replies":[{"embeddable":true,"href":"https:\/\/drtemt.at\/de\/wp-json\/wp\/v2\/comments?post=16647"}],"wp:featuredmedia":[{"embeddable":true,"href":"https:\/\/drtemt.at\/de\/wp-json\/wp\/v2\/media\/27175"}],"wp:attachment":[{"href":"https:\/\/drtemt.at\/de\/wp-json\/wp\/v2\/media?parent=16647"}],"wp:term":[{"taxonomy":"product_brand","embeddable":true,"href":"https:\/\/drtemt.at\/de\/wp-json\/wp\/v2\/product_brand?post=16647"},{"taxonomy":"product_cat","embeddable":true,"href":"https:\/\/drtemt.at\/de\/wp-json\/wp\/v2\/product_cat?post=16647"},{"taxonomy":"product_tag","embeddable":true,"href":"https:\/\/drtemt.at\/de\/wp-json\/wp\/v2\/product_tag?post=16647"}],"curies":[{"name":"wp","href":"https:\/\/api.w.org\/{rel}","templated":true}]}}