{"id":16315,"date":"2020-11-24T20:38:44","date_gmt":"2020-11-24T19:38:44","guid":{"rendered":"https:\/\/drtemt.at\/?post_type=product&#038;p=16315"},"modified":"2020-12-02T10:47:49","modified_gmt":"2020-12-02T09:47:49","slug":"supercycle-temt-hand-sanitizer","status":"publish","type":"product","link":"https:\/\/drtemt.at\/de\/product\/supercycle-temt-hand-sanitizer\/","title":{"rendered":"SuperCycle TEMT Hand Sanitizer"},"content":{"rendered":"<p><span style=\"font-style: inherit !important; font-weight: inherit !important;\">Gebrauchsfertiges hochwirksames Kosmetikum zur Unterst\u00fctzung der pers\u00f6nlichen Handhygiene. Wirkungsvolles, hydroalkoholisches Spray mit pflegendem Sanddorn und dem Aroma von Rosmarin und Lavendel. Die Anwendung sorgt f\u00fcr saubere, weiche und angenehm duftende H\u00e4nde. Eine leichte,<\/span> nicht-klebrige Formulierung f\u00fcr die rasche Anwendung! Vegan-freundlich.<\/p>\n","protected":false},"excerpt":{"rendered":"<p><span style=\"font-style: inherit !important; font-weight: inherit !important;\">Gebrauchsfertiges hochwirksames Kosmetikum zur Unterst\u00fctzung der pers\u00f6nlichen Handhygiene. Wirkungsvolles, hydroalkoholisches Spray mit pflegendem Sanddorn und dem Aroma von Rosmarin und Lavendel. Die Anwendung sorgt f\u00fcr saubere, weiche und angenehm duftende H\u00e4nde. Eine leichte,<\/span> nicht-klebrige Formulierung f\u00fcr die rasche Anwendung! Vegan-freundlich.<\/p>\n","protected":false},"featured_media":16527,"comment_status":"open","ping_status":"closed","template":"","meta":{"_acf_changed":false},"product_brand":[],"product_cat":[111],"product_tag":[127],"class_list":{"0":"post-16315","1":"product","2":"type-product","3":"status-publish","4":"has-post-thumbnail","6":"product_cat-supercycle-de","7":"product_tag-sc-wwww-de-2","9":"first","10":"instock","11":"taxable","12":"shipping-taxable","13":"purchasable","14":"product-type-simple"},"acf":[],"yoast_head":"<!-- This site is optimized with the Yoast SEO plugin v27.1.1 - https:\/\/yoast.com\/product\/yoast-seo-wordpress\/ -->\n<title>SuperCycle TEMT Hand Sanitizer - TEMT<\/title>\n<meta name=\"robots\" content=\"index, follow, max-snippet:-1, max-image-preview:large, max-video-preview:-1\" \/>\n<link rel=\"canonical\" href=\"https:\/\/drtemt.at\/de\/product\/supercycle-temt-hand-sanitizer\/\" \/>\n<meta property=\"og:locale\" content=\"de_DE\" \/>\n<meta property=\"og:type\" content=\"article\" \/>\n<meta property=\"og:title\" content=\"SuperCycle TEMT Hand Sanitizer - TEMT\" \/>\n<meta property=\"og:description\" content=\"Gebrauchsfertiges hochwirksames Kosmetikum zur Unterst\u00fctzung der pers\u00f6nlichen Handhygiene. Wirkungsvolles, hydroalkoholisches Spray mit pflegendem Sanddorn und dem Aroma von Rosmarin und Lavendel. Die Anwendung sorgt f\u00fcr saubere, weiche und angenehm duftende H\u00e4nde. Eine leichte, nicht-klebrige Formulierung f\u00fcr die rasche Anwendung! Vegan-freundlich.\" \/>\n<meta property=\"og:url\" content=\"https:\/\/drtemt.at\/de\/product\/supercycle-temt-hand-sanitizer\/\" \/>\n<meta property=\"og:site_name\" content=\"TEMT\" \/>\n<meta property=\"article:modified_time\" content=\"2020-12-02T09:47:49+00:00\" \/>\n<meta property=\"og:image\" content=\"https:\/\/drtemt.at\/wp-content\/uploads\/2020\/11\/003-HandSanitizer.jpg\" \/>\n\t<meta property=\"og:image:width\" content=\"1000\" \/>\n\t<meta property=\"og:image:height\" content=\"1000\" \/>\n\t<meta property=\"og:image:type\" content=\"image\/jpeg\" \/>\n<meta name=\"twitter:card\" content=\"summary_large_image\" \/>\n<script type=\"application\/ld+json\" class=\"yoast-schema-graph\">{\"@context\":\"https:\/\/schema.org\",\"@graph\":[{\"@type\":\"WebPage\",\"@id\":\"https:\/\/drtemt.at\/de\/product\/supercycle-temt-hand-sanitizer\/\",\"url\":\"https:\/\/drtemt.at\/de\/product\/supercycle-temt-hand-sanitizer\/\",\"name\":\"SuperCycle TEMT Hand Sanitizer - TEMT\",\"isPartOf\":{\"@id\":\"https:\/\/drtemt.at\/#website\"},\"primaryImageOfPage\":{\"@id\":\"https:\/\/drtemt.at\/de\/product\/supercycle-temt-hand-sanitizer\/#primaryimage\"},\"image\":{\"@id\":\"https:\/\/drtemt.at\/de\/product\/supercycle-temt-hand-sanitizer\/#primaryimage\"},\"thumbnailUrl\":\"https:\/\/drtemt.at\/wp-content\/uploads\/2020\/11\/003-HandSanitizer.jpg\",\"datePublished\":\"2020-11-24T19:38:44+00:00\",\"dateModified\":\"2020-12-02T09:47:49+00:00\",\"breadcrumb\":{\"@id\":\"https:\/\/drtemt.at\/de\/product\/supercycle-temt-hand-sanitizer\/#breadcrumb\"},\"inLanguage\":\"de-AT\",\"potentialAction\":[{\"@type\":\"ReadAction\",\"target\":[\"https:\/\/drtemt.at\/de\/product\/supercycle-temt-hand-sanitizer\/\"]}]},{\"@type\":\"ImageObject\",\"inLanguage\":\"de-AT\",\"@id\":\"https:\/\/drtemt.at\/de\/product\/supercycle-temt-hand-sanitizer\/#primaryimage\",\"url\":\"https:\/\/drtemt.at\/wp-content\/uploads\/2020\/11\/003-HandSanitizer.jpg\",\"contentUrl\":\"https:\/\/drtemt.at\/wp-content\/uploads\/2020\/11\/003-HandSanitizer.jpg\",\"width\":1000,\"height\":1000},{\"@type\":\"BreadcrumbList\",\"@id\":\"https:\/\/drtemt.at\/de\/product\/supercycle-temt-hand-sanitizer\/#breadcrumb\",\"itemListElement\":[{\"@type\":\"ListItem\",\"position\":1,\"name\":\"Startseite\",\"item\":\"https:\/\/drtemt.at\/de\/temt-kosmetikprodukte-handmade-by-science\/\"},{\"@type\":\"ListItem\",\"position\":2,\"name\":\"Shop\",\"item\":\"https:\/\/drtemt.at\/de\/shop\/\"},{\"@type\":\"ListItem\",\"position\":3,\"name\":\"SuperCycle TEMT Hand Sanitizer\"}]},{\"@type\":\"WebSite\",\"@id\":\"https:\/\/drtemt.at\/#website\",\"url\":\"https:\/\/drtemt.at\/\",\"name\":\"TEMT\",\"description\":\"Handmade by Science\",\"publisher\":{\"@id\":\"https:\/\/drtemt.at\/#organization\"},\"potentialAction\":[{\"@type\":\"SearchAction\",\"target\":{\"@type\":\"EntryPoint\",\"urlTemplate\":\"https:\/\/drtemt.at\/?s={search_term_string}\"},\"query-input\":{\"@type\":\"PropertyValueSpecification\",\"valueRequired\":true,\"valueName\":\"search_term_string\"}}],\"inLanguage\":\"de-AT\"},{\"@type\":\"Organization\",\"@id\":\"https:\/\/drtemt.at\/#organization\",\"name\":\"TEMT\",\"url\":\"https:\/\/drtemt.at\/\",\"logo\":{\"@type\":\"ImageObject\",\"inLanguage\":\"de-AT\",\"@id\":\"https:\/\/drtemt.at\/#\/schema\/logo\/image\/\",\"url\":\"https:\/\/drtemt.at\/wp-content\/uploads\/2020\/06\/Temt-Logo-in-Circle.png\",\"contentUrl\":\"https:\/\/drtemt.at\/wp-content\/uploads\/2020\/06\/Temt-Logo-in-Circle.png\",\"width\":350,\"height\":349,\"caption\":\"TEMT\"},\"image\":{\"@id\":\"https:\/\/drtemt.at\/#\/schema\/logo\/image\/\"}}]}<\/script>\n<!-- \/ Yoast SEO plugin. -->","yoast_head_json":{"title":"SuperCycle TEMT Hand Sanitizer - TEMT","robots":{"index":"index","follow":"follow","max-snippet":"max-snippet:-1","max-image-preview":"max-image-preview:large","max-video-preview":"max-video-preview:-1"},"canonical":"https:\/\/drtemt.at\/de\/product\/supercycle-temt-hand-sanitizer\/","og_locale":"de_DE","og_type":"article","og_title":"SuperCycle TEMT Hand Sanitizer - TEMT","og_description":"Gebrauchsfertiges hochwirksames Kosmetikum zur Unterst\u00fctzung der pers\u00f6nlichen Handhygiene. Wirkungsvolles, hydroalkoholisches Spray mit pflegendem Sanddorn und dem Aroma von Rosmarin und Lavendel. Die Anwendung sorgt f\u00fcr saubere, weiche und angenehm duftende H\u00e4nde. Eine leichte, nicht-klebrige Formulierung f\u00fcr die rasche Anwendung! Vegan-freundlich.","og_url":"https:\/\/drtemt.at\/de\/product\/supercycle-temt-hand-sanitizer\/","og_site_name":"TEMT","article_modified_time":"2020-12-02T09:47:49+00:00","og_image":[{"width":1000,"height":1000,"url":"https:\/\/drtemt.at\/wp-content\/uploads\/2020\/11\/003-HandSanitizer.jpg","type":"image\/jpeg"}],"twitter_card":"summary_large_image","schema":{"@context":"https:\/\/schema.org","@graph":[{"@type":"WebPage","@id":"https:\/\/drtemt.at\/de\/product\/supercycle-temt-hand-sanitizer\/","url":"https:\/\/drtemt.at\/de\/product\/supercycle-temt-hand-sanitizer\/","name":"SuperCycle TEMT Hand Sanitizer - TEMT","isPartOf":{"@id":"https:\/\/drtemt.at\/#website"},"primaryImageOfPage":{"@id":"https:\/\/drtemt.at\/de\/product\/supercycle-temt-hand-sanitizer\/#primaryimage"},"image":{"@id":"https:\/\/drtemt.at\/de\/product\/supercycle-temt-hand-sanitizer\/#primaryimage"},"thumbnailUrl":"https:\/\/drtemt.at\/wp-content\/uploads\/2020\/11\/003-HandSanitizer.jpg","datePublished":"2020-11-24T19:38:44+00:00","dateModified":"2020-12-02T09:47:49+00:00","breadcrumb":{"@id":"https:\/\/drtemt.at\/de\/product\/supercycle-temt-hand-sanitizer\/#breadcrumb"},"inLanguage":"de-AT","potentialAction":[{"@type":"ReadAction","target":["https:\/\/drtemt.at\/de\/product\/supercycle-temt-hand-sanitizer\/"]}]},{"@type":"ImageObject","inLanguage":"de-AT","@id":"https:\/\/drtemt.at\/de\/product\/supercycle-temt-hand-sanitizer\/#primaryimage","url":"https:\/\/drtemt.at\/wp-content\/uploads\/2020\/11\/003-HandSanitizer.jpg","contentUrl":"https:\/\/drtemt.at\/wp-content\/uploads\/2020\/11\/003-HandSanitizer.jpg","width":1000,"height":1000},{"@type":"BreadcrumbList","@id":"https:\/\/drtemt.at\/de\/product\/supercycle-temt-hand-sanitizer\/#breadcrumb","itemListElement":[{"@type":"ListItem","position":1,"name":"Startseite","item":"https:\/\/drtemt.at\/de\/temt-kosmetikprodukte-handmade-by-science\/"},{"@type":"ListItem","position":2,"name":"Shop","item":"https:\/\/drtemt.at\/de\/shop\/"},{"@type":"ListItem","position":3,"name":"SuperCycle TEMT Hand Sanitizer"}]},{"@type":"WebSite","@id":"https:\/\/drtemt.at\/#website","url":"https:\/\/drtemt.at\/","name":"TEMT","description":"Handmade by Science","publisher":{"@id":"https:\/\/drtemt.at\/#organization"},"potentialAction":[{"@type":"SearchAction","target":{"@type":"EntryPoint","urlTemplate":"https:\/\/drtemt.at\/?s={search_term_string}"},"query-input":{"@type":"PropertyValueSpecification","valueRequired":true,"valueName":"search_term_string"}}],"inLanguage":"de-AT"},{"@type":"Organization","@id":"https:\/\/drtemt.at\/#organization","name":"TEMT","url":"https:\/\/drtemt.at\/","logo":{"@type":"ImageObject","inLanguage":"de-AT","@id":"https:\/\/drtemt.at\/#\/schema\/logo\/image\/","url":"https:\/\/drtemt.at\/wp-content\/uploads\/2020\/06\/Temt-Logo-in-Circle.png","contentUrl":"https:\/\/drtemt.at\/wp-content\/uploads\/2020\/06\/Temt-Logo-in-Circle.png","width":350,"height":349,"caption":"TEMT"},"image":{"@id":"https:\/\/drtemt.at\/#\/schema\/logo\/image\/"}}]}},"_links":{"self":[{"href":"https:\/\/drtemt.at\/de\/wp-json\/wp\/v2\/product\/16315","targetHints":{"allow":["GET"]}}],"collection":[{"href":"https:\/\/drtemt.at\/de\/wp-json\/wp\/v2\/product"}],"about":[{"href":"https:\/\/drtemt.at\/de\/wp-json\/wp\/v2\/types\/product"}],"replies":[{"embeddable":true,"href":"https:\/\/drtemt.at\/de\/wp-json\/wp\/v2\/comments?post=16315"}],"wp:featuredmedia":[{"embeddable":true,"href":"https:\/\/drtemt.at\/de\/wp-json\/wp\/v2\/media\/16527"}],"wp:attachment":[{"href":"https:\/\/drtemt.at\/de\/wp-json\/wp\/v2\/media?parent=16315"}],"wp:term":[{"taxonomy":"product_brand","embeddable":true,"href":"https:\/\/drtemt.at\/de\/wp-json\/wp\/v2\/product_brand?post=16315"},{"taxonomy":"product_cat","embeddable":true,"href":"https:\/\/drtemt.at\/de\/wp-json\/wp\/v2\/product_cat?post=16315"},{"taxonomy":"product_tag","embeddable":true,"href":"https:\/\/drtemt.at\/de\/wp-json\/wp\/v2\/product_tag?post=16315"}],"curies":[{"name":"wp","href":"https:\/\/api.w.org\/{rel}","templated":true}]}}