{"id":29106,"date":"2021-12-15T15:54:34","date_gmt":"2021-12-15T14:54:34","guid":{"rendered":"https:\/\/drtemt.at\/?page_id=29106"},"modified":"2023-06-06T11:25:26","modified_gmt":"2023-06-06T09:25:26","slug":"impressum","status":"publish","type":"page","link":"https:\/\/drtemt.at\/de\/impressum\/","title":{"rendered":"Impressum"},"content":{"rendered":"\t\t<div data-elementor-type=\"wp-page\" data-elementor-id=\"29106\" class=\"elementor elementor-29106 elementor-7306\" data-elementor-post-type=\"page\">\n\t\t\t\t\t\t<section class=\"elementor-section elementor-top-section elementor-element elementor-element-7e699b8 elementor-section-boxed elementor-section-height-default elementor-section-height-default\" data-id=\"7e699b8\" data-element_type=\"section\" data-e-type=\"section\">\n\t\t\t\t\t\t<div class=\"elementor-container elementor-column-gap-default\">\n\t\t\t\t\t<div class=\"elementor-column elementor-col-100 elementor-top-column elementor-element elementor-element-3c522221\" data-id=\"3c522221\" data-element_type=\"column\" data-e-type=\"column\">\n\t\t\t<div class=\"elementor-widget-wrap elementor-element-populated\">\n\t\t\t\t\t\t<div class=\"elementor-element elementor-element-ee8124e elementor-widget elementor-widget-heading\" data-id=\"ee8124e\" data-element_type=\"widget\" data-e-type=\"widget\" data-widget_type=\"heading.default\">\n\t\t\t\t<div class=\"elementor-widget-container\">\n\t\t\t\t\t<h1 class=\"elementor-heading-title elementor-size-default\">IMPRESSUM<\/h1>\t\t\t\t<\/div>\n\t\t\t\t<\/div>\n\t\t\t\t<div class=\"elementor-element elementor-element-1ee0deee elementor-widget elementor-widget-text-editor\" data-id=\"1ee0deee\" data-element_type=\"widget\" data-e-type=\"widget\" data-widget_type=\"text-editor.default\">\n\t\t\t\t<div class=\"elementor-widget-container\">\n\t\t\t\t\t\t\t\t\t<p><strong><br><\/strong><b>W. Pauli GmbH<\/b><\/p>\n<p>Dr. Temt Laboratories &amp; COMBINAL<br>Sautergasse 21<br>1160 Vienna, Austria<br>Tel&nbsp;&nbsp; +43 (0) 1 488 11 \u2013 0<br>Fax +43 (0) 1 488 11 \u2013 30<\/p>\n<p>ATU77347747 | Handelsgericht Wien FN 113021h<\/p>\n<p>DVR0875449 | ARA Lizenznummer 3658<\/p>\n<p><\/p>\n<p>Email:&nbsp;<a href=\"mailto:office@drtemt.at\">office@drtemt.at<\/a><br>Website:&nbsp;<a href=\"http:\/\/www.drtemt.com\/\">www.drtemt.com<\/a><\/p>\n<p>Website concept and design:&nbsp;<a href=\"http:\/\/www.drtemt.at\/\">Team of Dr. Temt<\/a><\/p>\n<p><strong>Urheberrechte:<\/strong><br>Model-Fotos \u2013 Mato Johannik<br>Shop-Fotos \u2013 &nbsp;Gerhard Nohava<br>Icons made by&nbsp;<a href=\"https:\/\/www.flaticon.com\/authors\/freepik\">Freepik<\/a>&nbsp;from&nbsp;<a href=\"https:\/\/www.flaticon.com\/\">www.flaticon.com<\/a><\/p>\n<p><\/p>\n<p><strong>Haftungsausschluss:<\/strong><br>Trotz sorgf\u00e4ltiger inhaltlicher Kontrolle \u00fcbernehmen wir keine Haftung f\u00fcr die Inhalte externer Links.<\/p>\n<p>F\u00fcr den Inhalt der verlinkten Seiten sind ausschlie\u00dflich deren Betreiber verantwortlich.<\/p><p><br><\/p><p>Aufsichtsbeh\u00f6rde: Magistrat der Stadt Wien, MBA 12<\/p><p>Mitglied der Wirtschaftskammer \u00d6sterreich, Wirtschaftskammer Wien<\/p><p>Geltende Vorschrift: Kosmetikverordnung<\/p>\n<p><\/p>\t\t\t\t\t\t\t\t<\/div>\n\t\t\t\t<\/div>\n\t\t\t\t\t<\/div>\n\t\t<\/div>\n\t\t\t\t\t<\/div>\n\t\t<\/section>\n\t\t\t\t<\/div>\n\t\t","protected":false},"excerpt":{"rendered":"<p>IMPRESSUM W. Pauli GmbH Dr. Temt Laboratories &amp; COMBINALSautergasse 211160 Vienna, AustriaTel&nbsp;&nbsp; +43 (0) 1 488 11 \u2013 0Fax +43 (0) 1 488 11 \u2013 30 ATU77347747 | Handelsgericht Wien FN 113021h DVR0875449 | ARA Lizenznummer 3658 Email:&nbsp;office@drtemt.atWebsite:&nbsp;www.drtemt.com Website concept and design:&nbsp;Team of Dr. Temt Urheberrechte:Model-Fotos \u2013 Mato JohannikShop-Fotos \u2013 &nbsp;Gerhard NohavaIcons made by&nbsp;Freepik&nbsp;from&nbsp;www.flaticon.com Haftungsausschluss:Trotz [&hellip;]<\/p>\n","protected":false},"author":1,"featured_media":0,"parent":0,"menu_order":0,"comment_status":"closed","ping_status":"closed","template":"elementor_header_footer","meta":{"_acf_changed":false,"footnotes":""},"class_list":["post-29106","page","type-page","status-publish","hentry"],"acf":[],"yoast_head":"<!-- This site is optimized with the Yoast SEO plugin v27.1.1 - https:\/\/yoast.com\/product\/yoast-seo-wordpress\/ -->\n<title>Impressum - TEMT<\/title>\n<meta name=\"robots\" content=\"index, follow, max-snippet:-1, max-image-preview:large, max-video-preview:-1\" \/>\n<link rel=\"canonical\" href=\"https:\/\/drtemt.at\/de\/impressum\/\" \/>\n<meta property=\"og:locale\" content=\"de_DE\" \/>\n<meta property=\"og:type\" content=\"article\" \/>\n<meta property=\"og:title\" content=\"Impressum - TEMT\" \/>\n<meta property=\"og:description\" content=\"IMPRESSUM W. Pauli GmbH Dr. Temt Laboratories &amp; COMBINALSautergasse 211160 Vienna, AustriaTel&nbsp;&nbsp; +43 (0) 1 488 11 \u2013 0Fax +43 (0) 1 488 11 \u2013 30 ATU77347747 | Handelsgericht Wien FN 113021h DVR0875449 | ARA Lizenznummer 3658 Email:&nbsp;office@drtemt.atWebsite:&nbsp;www.drtemt.com Website concept and design:&nbsp;Team of Dr. Temt Urheberrechte:Model-Fotos \u2013 Mato JohannikShop-Fotos \u2013 &nbsp;Gerhard NohavaIcons made by&nbsp;Freepik&nbsp;from&nbsp;www.flaticon.com Haftungsausschluss:Trotz [&hellip;]\" \/>\n<meta property=\"og:url\" content=\"https:\/\/drtemt.at\/de\/impressum\/\" \/>\n<meta property=\"og:site_name\" content=\"TEMT\" \/>\n<meta property=\"article:modified_time\" content=\"2023-06-06T09:25:26+00:00\" \/>\n<meta name=\"twitter:card\" content=\"summary_large_image\" \/>\n<meta name=\"twitter:label1\" content=\"Gesch\u00e4tzte Lesezeit\" \/>\n\t<meta name=\"twitter:data1\" content=\"1 Minute\" \/>\n<script type=\"application\/ld+json\" class=\"yoast-schema-graph\">{\"@context\":\"https:\/\/schema.org\",\"@graph\":[{\"@type\":\"WebPage\",\"@id\":\"https:\/\/drtemt.at\/de\/impressum\/\",\"url\":\"https:\/\/drtemt.at\/de\/impressum\/\",\"name\":\"Impressum - TEMT\",\"isPartOf\":{\"@id\":\"https:\/\/drtemt.at\/#website\"},\"datePublished\":\"2021-12-15T14:54:34+00:00\",\"dateModified\":\"2023-06-06T09:25:26+00:00\",\"breadcrumb\":{\"@id\":\"https:\/\/drtemt.at\/de\/impressum\/#breadcrumb\"},\"inLanguage\":\"de-AT\",\"potentialAction\":[{\"@type\":\"ReadAction\",\"target\":[\"https:\/\/drtemt.at\/de\/impressum\/\"]}]},{\"@type\":\"BreadcrumbList\",\"@id\":\"https:\/\/drtemt.at\/de\/impressum\/#breadcrumb\",\"itemListElement\":[{\"@type\":\"ListItem\",\"position\":1,\"name\":\"Startseite\",\"item\":\"https:\/\/drtemt.at\/de\/temt-kosmetikprodukte-handmade-by-science\/\"},{\"@type\":\"ListItem\",\"position\":2,\"name\":\"Impressum\"}]},{\"@type\":\"WebSite\",\"@id\":\"https:\/\/drtemt.at\/#website\",\"url\":\"https:\/\/drtemt.at\/\",\"name\":\"TEMT\",\"description\":\"Handmade by Science\",\"publisher\":{\"@id\":\"https:\/\/drtemt.at\/#organization\"},\"potentialAction\":[{\"@type\":\"SearchAction\",\"target\":{\"@type\":\"EntryPoint\",\"urlTemplate\":\"https:\/\/drtemt.at\/?s={search_term_string}\"},\"query-input\":{\"@type\":\"PropertyValueSpecification\",\"valueRequired\":true,\"valueName\":\"search_term_string\"}}],\"inLanguage\":\"de-AT\"},{\"@type\":\"Organization\",\"@id\":\"https:\/\/drtemt.at\/#organization\",\"name\":\"TEMT\",\"url\":\"https:\/\/drtemt.at\/\",\"logo\":{\"@type\":\"ImageObject\",\"inLanguage\":\"de-AT\",\"@id\":\"https:\/\/drtemt.at\/#\/schema\/logo\/image\/\",\"url\":\"https:\/\/drtemt.at\/wp-content\/uploads\/2020\/06\/Temt-Logo-in-Circle.png\",\"contentUrl\":\"https:\/\/drtemt.at\/wp-content\/uploads\/2020\/06\/Temt-Logo-in-Circle.png\",\"width\":350,\"height\":349,\"caption\":\"TEMT\"},\"image\":{\"@id\":\"https:\/\/drtemt.at\/#\/schema\/logo\/image\/\"}}]}<\/script>\n<!-- \/ Yoast SEO plugin. -->","yoast_head_json":{"title":"Impressum - TEMT","robots":{"index":"index","follow":"follow","max-snippet":"max-snippet:-1","max-image-preview":"max-image-preview:large","max-video-preview":"max-video-preview:-1"},"canonical":"https:\/\/drtemt.at\/de\/impressum\/","og_locale":"de_DE","og_type":"article","og_title":"Impressum - TEMT","og_description":"IMPRESSUM W. Pauli GmbH Dr. Temt Laboratories &amp; COMBINALSautergasse 211160 Vienna, AustriaTel&nbsp;&nbsp; +43 (0) 1 488 11 \u2013 0Fax +43 (0) 1 488 11 \u2013 30 ATU77347747 | Handelsgericht Wien FN 113021h DVR0875449 | ARA Lizenznummer 3658 Email:&nbsp;office@drtemt.atWebsite:&nbsp;www.drtemt.com Website concept and design:&nbsp;Team of Dr. Temt Urheberrechte:Model-Fotos \u2013 Mato JohannikShop-Fotos \u2013 &nbsp;Gerhard NohavaIcons made by&nbsp;Freepik&nbsp;from&nbsp;www.flaticon.com Haftungsausschluss:Trotz [&hellip;]","og_url":"https:\/\/drtemt.at\/de\/impressum\/","og_site_name":"TEMT","article_modified_time":"2023-06-06T09:25:26+00:00","twitter_card":"summary_large_image","twitter_misc":{"Gesch\u00e4tzte Lesezeit":"1 Minute"},"schema":{"@context":"https:\/\/schema.org","@graph":[{"@type":"WebPage","@id":"https:\/\/drtemt.at\/de\/impressum\/","url":"https:\/\/drtemt.at\/de\/impressum\/","name":"Impressum - TEMT","isPartOf":{"@id":"https:\/\/drtemt.at\/#website"},"datePublished":"2021-12-15T14:54:34+00:00","dateModified":"2023-06-06T09:25:26+00:00","breadcrumb":{"@id":"https:\/\/drtemt.at\/de\/impressum\/#breadcrumb"},"inLanguage":"de-AT","potentialAction":[{"@type":"ReadAction","target":["https:\/\/drtemt.at\/de\/impressum\/"]}]},{"@type":"BreadcrumbList","@id":"https:\/\/drtemt.at\/de\/impressum\/#breadcrumb","itemListElement":[{"@type":"ListItem","position":1,"name":"Startseite","item":"https:\/\/drtemt.at\/de\/temt-kosmetikprodukte-handmade-by-science\/"},{"@type":"ListItem","position":2,"name":"Impressum"}]},{"@type":"WebSite","@id":"https:\/\/drtemt.at\/#website","url":"https:\/\/drtemt.at\/","name":"TEMT","description":"Handmade by Science","publisher":{"@id":"https:\/\/drtemt.at\/#organization"},"potentialAction":[{"@type":"SearchAction","target":{"@type":"EntryPoint","urlTemplate":"https:\/\/drtemt.at\/?s={search_term_string}"},"query-input":{"@type":"PropertyValueSpecification","valueRequired":true,"valueName":"search_term_string"}}],"inLanguage":"de-AT"},{"@type":"Organization","@id":"https:\/\/drtemt.at\/#organization","name":"TEMT","url":"https:\/\/drtemt.at\/","logo":{"@type":"ImageObject","inLanguage":"de-AT","@id":"https:\/\/drtemt.at\/#\/schema\/logo\/image\/","url":"https:\/\/drtemt.at\/wp-content\/uploads\/2020\/06\/Temt-Logo-in-Circle.png","contentUrl":"https:\/\/drtemt.at\/wp-content\/uploads\/2020\/06\/Temt-Logo-in-Circle.png","width":350,"height":349,"caption":"TEMT"},"image":{"@id":"https:\/\/drtemt.at\/#\/schema\/logo\/image\/"}}]}},"_links":{"self":[{"href":"https:\/\/drtemt.at\/de\/wp-json\/wp\/v2\/pages\/29106","targetHints":{"allow":["GET"]}}],"collection":[{"href":"https:\/\/drtemt.at\/de\/wp-json\/wp\/v2\/pages"}],"about":[{"href":"https:\/\/drtemt.at\/de\/wp-json\/wp\/v2\/types\/page"}],"author":[{"embeddable":true,"href":"https:\/\/drtemt.at\/de\/wp-json\/wp\/v2\/users\/1"}],"replies":[{"embeddable":true,"href":"https:\/\/drtemt.at\/de\/wp-json\/wp\/v2\/comments?post=29106"}],"version-history":[{"count":13,"href":"https:\/\/drtemt.at\/de\/wp-json\/wp\/v2\/pages\/29106\/revisions"}],"predecessor-version":[{"id":33972,"href":"https:\/\/drtemt.at\/de\/wp-json\/wp\/v2\/pages\/29106\/revisions\/33972"}],"wp:attachment":[{"href":"https:\/\/drtemt.at\/de\/wp-json\/wp\/v2\/media?parent=29106"}],"curies":[{"name":"wp","href":"https:\/\/api.w.org\/{rel}","templated":true}]}}